{"id":893,"date":"2024-01-31T18:53:48","date_gmt":"2024-01-31T17:53:48","guid":{"rendered":"https:\/\/www.chironetfils.fr\/?page_id=893"},"modified":"2025-05-15T15:39:24","modified_gmt":"2025-05-15T13:39:24","slug":"gratin-de-crozet-au-beaufort","status":"publish","type":"page","link":"https:\/\/www.chironetfils.fr\/index.php\/nos-recettes\/gratin-de-crozet-au-beaufort\/","title":{"rendered":"Gratin de crozet au beaufort"},"content":{"rendered":"\t\t<div data-elementor-type=\"wp-page\" data-elementor-id=\"893\" class=\"elementor elementor-893\">\n\t\t\t\t\t\t<section class=\"elementor-section elementor-top-section elementor-element elementor-element-77717f6 elementor-section-boxed elementor-section-height-default elementor-section-height-default\" data-id=\"77717f6\" data-element_type=\"section\" data-e-type=\"section\">\n\t\t\t\t\t\t<div class=\"elementor-container elementor-column-gap-default\">\n\t\t\t\t\t\t<\/div>\n\t\t<\/section>\n\t\t\t\t<section class=\"elementor-section elementor-top-section elementor-element elementor-element-2d38501 elementor-section-boxed elementor-section-height-default elementor-section-height-default\" data-id=\"2d38501\" data-element_type=\"section\" data-e-type=\"section\">\n\t\t\t\t\t\t<div class=\"elementor-container elementor-column-gap-default\">\n\t\t\t\t\t\t<\/div>\n\t\t<\/section>\n\t\t\t\t<section class=\"elementor-section elementor-top-section elementor-element elementor-element-c485202 elementor-section-boxed elementor-section-height-default elementor-section-height-default\" data-id=\"c485202\" data-element_type=\"section\" data-e-type=\"section\">\n\t\t\t\t\t\t<div class=\"elementor-container elementor-column-gap-default\">\n\t\t\t\t\t\t<\/div>\n\t\t<\/section>\n\t\t\t\t<section class=\"elementor-section elementor-top-section elementor-element elementor-element-76a44a0 elementor-section-boxed elementor-section-height-default elementor-section-height-default\" data-id=\"76a44a0\" data-element_type=\"section\" data-e-type=\"section\">\n\t\t\t\t\t\t<div class=\"elementor-container elementor-column-gap-default\">\n\t\t\t\t\t\t<\/div>\n\t\t<\/section>\n\t\t\t\t<section class=\"elementor-section elementor-top-section elementor-element elementor-element-4d54487 elementor-section-boxed elementor-section-height-default elementor-section-height-default\" data-id=\"4d54487\" data-element_type=\"section\" data-e-type=\"section\">\n\t\t\t\t\t\t<div class=\"elementor-container elementor-column-gap-default\">\n\t\t\t\t\t\t<\/div>\n\t\t<\/section>\n\t\t\t\t<section class=\"elementor-section elementor-top-section elementor-element elementor-element-4c4950e elementor-section-boxed elementor-section-height-default elementor-section-height-default\" data-id=\"4c4950e\" data-element_type=\"section\" data-e-type=\"section\">\n\t\t\t\t\t\t<div class=\"elementor-container elementor-column-gap-default\">\n\t\t\t\t\t\t<\/div>\n\t\t<\/section>\n\t\t\t\t<section class=\"elementor-section elementor-top-section elementor-element elementor-element-c191bd1 elementor-section-boxed elementor-section-height-default elementor-section-height-default\" data-id=\"c191bd1\" data-element_type=\"section\" data-e-type=\"section\">\n\t\t\t\t\t\t<div class=\"elementor-container elementor-column-gap-default\">\n\t\t\t\t\t\t<\/div>\n\t\t<\/section>\n\t\t\t\t<section class=\"elementor-section elementor-top-section elementor-element elementor-element-d851bee elementor-section-boxed elementor-section-height-default elementor-section-height-default\" data-id=\"d851bee\" data-element_type=\"section\" data-e-type=\"section\">\n\t\t\t\t\t\t<div class=\"elementor-container elementor-column-gap-default\">\n\t\t\t\t\t\t<\/div>\n\t\t<\/section>\n\t\t\t\t<section class=\"elementor-section elementor-top-section elementor-element elementor-element-4e3c1c1 elementor-section-boxed elementor-section-height-default elementor-section-height-default\" data-id=\"4e3c1c1\" data-element_type=\"section\" data-e-type=\"section\">\n\t\t\t\t\t\t<div class=\"elementor-container elementor-column-gap-default\">\n\t\t\t\t\t\t<\/div>\n\t\t<\/section>\n\t\t\t\t<section class=\"elementor-section elementor-top-section elementor-element elementor-element-3f7b745 elementor-section-boxed elementor-section-height-default elementor-section-height-default\" data-id=\"3f7b745\" data-element_type=\"section\" data-e-type=\"section\">\n\t\t\t\t\t\t<div class=\"elementor-container elementor-column-gap-default\">\n\t\t\t\t\t\t<\/div>\n\t\t<\/section>\n\t\t\t\t<section class=\"elementor-section elementor-top-section elementor-element elementor-element-5600d8c elementor-section-boxed elementor-section-height-default elementor-section-height-default\" data-id=\"5600d8c\" data-element_type=\"section\" data-e-type=\"section\">\n\t\t\t\t\t\t<div class=\"elementor-container elementor-column-gap-default\">\n\t\t\t\t\t\t<\/div>\n\t\t<\/section>\n\t\t\t\t<section class=\"elementor-section elementor-top-section elementor-element elementor-element-c46807e elementor-section-boxed elementor-section-height-default elementor-section-height-default\" data-id=\"c46807e\" data-element_type=\"section\" data-e-type=\"section\">\n\t\t\t\t\t\t<div class=\"elementor-container elementor-column-gap-default\">\n\t\t\t\t\t\t<\/div>\n\t\t<\/section>\n\t\t\t\t<section class=\"elementor-section elementor-top-section elementor-element elementor-element-9cf58f6 elementor-section-boxed elementor-section-height-default elementor-section-height-default\" data-id=\"9cf58f6\" data-element_type=\"section\" data-e-type=\"section\">\n\t\t\t\t\t\t<div class=\"elementor-container elementor-column-gap-default\">\n\t\t\t\t\t\t<\/div>\n\t\t<\/section>\n\t\t\t\t<section class=\"elementor-section elementor-top-section elementor-element elementor-element-772298c elementor-section-boxed elementor-section-height-default elementor-section-height-default\" data-id=\"772298c\" data-element_type=\"section\" data-e-type=\"section\">\n\t\t\t\t\t\t<div class=\"elementor-container elementor-column-gap-default\">\n\t\t\t\t\t\t<\/div>\n\t\t<\/section>\n\t\t\t\t<section class=\"elementor-section elementor-top-section elementor-element elementor-element-b049582 elementor-section-boxed elementor-section-height-default elementor-section-height-default\" data-id=\"b049582\" data-element_type=\"section\" data-e-type=\"section\">\n\t\t\t\t\t\t<div class=\"elementor-container elementor-column-gap-default\">\n\t\t\t\t\t\t<\/div>\n\t\t<\/section>\n\t\t\t\t<section class=\"elementor-section elementor-top-section elementor-element elementor-element-8f49818 elementor-section-boxed elementor-section-height-default elementor-section-height-default\" data-id=\"8f49818\" data-element_type=\"section\" data-e-type=\"section\">\n\t\t\t\t\t\t<div class=\"elementor-container elementor-column-gap-default\">\n\t\t\t\t\t\t<\/div>\n\t\t<\/section>\n\t\t\t\t<section class=\"elementor-section elementor-top-section elementor-element elementor-element-0b54a92 elementor-section-boxed elementor-section-height-default elementor-section-height-default\" data-id=\"0b54a92\" data-element_type=\"section\" data-e-type=\"section\">\n\t\t\t\t\t\t<div class=\"elementor-container elementor-column-gap-default\">\n\t\t\t\t\t\t<\/div>\n\t\t<\/section>\n\t\t\t\t<section class=\"elementor-section elementor-top-section elementor-element elementor-element-ae306fd elementor-section-boxed elementor-section-height-default elementor-section-height-default\" data-id=\"ae306fd\" data-element_type=\"section\" data-e-type=\"section\">\n\t\t\t\t\t\t<div class=\"elementor-container elementor-column-gap-default\">\n\t\t\t\t\t\t<\/div>\n\t\t<\/section>\n\t\t\t\t<section class=\"elementor-section elementor-top-section elementor-element elementor-element-f7906d7 elementor-section-boxed elementor-section-height-default elementor-section-height-default\" data-id=\"f7906d7\" data-element_type=\"section\" data-e-type=\"section\">\n\t\t\t\t\t\t<div class=\"elementor-container elementor-column-gap-default\">\n\t\t\t\t\t\t<\/div>\n\t\t<\/section>\n\t\t\t\t<section class=\"elementor-section elementor-top-section elementor-element elementor-element-242a527 elementor-section-boxed elementor-section-height-default elementor-section-height-default\" data-id=\"242a527\" data-element_type=\"section\" data-e-type=\"section\">\n\t\t\t\t\t\t<div class=\"elementor-container elementor-column-gap-default\">\n\t\t\t\t\t\t<\/div>\n\t\t<\/section>\n\t\t\t\t<section class=\"elementor-section elementor-top-section elementor-element elementor-element-b1bda82 elementor-section-boxed elementor-section-height-default elementor-section-height-default\" data-id=\"b1bda82\" data-element_type=\"section\" data-e-type=\"section\">\n\t\t\t\t\t\t<div class=\"elementor-container elementor-column-gap-default\">\n\t\t\t\t\t\t<\/div>\n\t\t<\/section>\n\t\t\t\t<section class=\"elementor-section elementor-top-section elementor-element elementor-element-3739427 elementor-section-boxed elementor-section-height-default elementor-section-height-default\" data-id=\"3739427\" data-element_type=\"section\" data-e-type=\"section\">\n\t\t\t\t\t\t<div class=\"elementor-container elementor-column-gap-default\">\n\t\t\t\t\t\t<\/div>\n\t\t<\/section>\n\t\t\t\t<section class=\"elementor-section elementor-top-section elementor-element elementor-element-2e1830a elementor-section-boxed elementor-section-height-default elementor-section-height-default\" data-id=\"2e1830a\" data-element_type=\"section\" data-e-type=\"section\">\n\t\t\t\t\t\t<div class=\"elementor-container elementor-column-gap-default\">\n\t\t\t\t\t<div class=\"elementor-column elementor-col-100 elementor-top-column elementor-element elementor-element-3c62c0d\" data-id=\"3c62c0d\" data-element_type=\"column\" data-e-type=\"column\">\n\t\t\t<div class=\"elementor-widget-wrap elementor-element-populated\">\n\t\t\t\t\t\t<div class=\"elementor-element elementor-element-8403ca5 elementor-widget elementor-widget-image\" data-id=\"8403ca5\" data-element_type=\"widget\" data-e-type=\"widget\" data-widget_type=\"image.default\">\n\t\t\t\t<div class=\"elementor-widget-container\">\n\t\t\t\t\t\t\t\t\t\t\t\t\t\t\t<img fetchpriority=\"high\" decoding=\"async\" width=\"568\" height=\"780\" src=\"https:\/\/www.chironetfils.fr\/wp-content\/uploads\/2024\/01\/gratin-beaufort.jpg\" class=\"attachment-large size-large wp-image-897\" alt=\"\" srcset=\"https:\/\/www.chironetfils.fr\/wp-content\/uploads\/2024\/01\/gratin-beaufort.jpg 568w, https:\/\/www.chironetfils.fr\/wp-content\/uploads\/2024\/01\/gratin-beaufort-218x300.jpg 218w\" sizes=\"(max-width: 568px) 100vw, 568px\" \/>\t\t\t\t\t\t\t\t\t\t\t\t\t\t\t<\/div>\n\t\t\t\t<\/div>\n\t\t\t\t\t<\/div>\n\t\t<\/div>\n\t\t\t\t\t<\/div>\n\t\t<\/section>\n\t\t\t\t<section class=\"elementor-section elementor-top-section elementor-element elementor-element-eddef9e elementor-section-boxed elementor-section-height-default elementor-section-height-default\" data-id=\"eddef9e\" data-element_type=\"section\" data-e-type=\"section\">\n\t\t\t\t\t\t<div class=\"elementor-container elementor-column-gap-default\">\n\t\t\t\t\t<div class=\"elementor-column elementor-col-100 elementor-top-column elementor-element elementor-element-d0367c2\" data-id=\"d0367c2\" data-element_type=\"column\" data-e-type=\"column\">\n\t\t\t<div class=\"elementor-widget-wrap elementor-element-populated\">\n\t\t\t\t\t\t<div class=\"elementor-element elementor-element-26c24bf elementor-widget elementor-widget-text-editor\" data-id=\"26c24bf\" data-element_type=\"widget\" data-e-type=\"widget\" data-widget_type=\"text-editor.default\">\n\t\t\t\t<div class=\"elementor-widget-container\">\n\t\t\t\t\t\t\t\t\t<p><span style=\"font-family: Arial, sans-serif; font-size: 12pt;\">Ingr\u00e9dients<\/span><br><\/p><ul type=\"disc\">\n <li style=\"mso-margin-top-alt:auto;margin-bottom:7.5pt;\n     line-height:normal;mso-list:l2 level1 lfo1;tab-stops:list 36.0pt\"><span style=\"font-size:12.0pt;font-family:&quot;Arial&quot;,sans-serif;mso-fareast-font-family:\n     &quot;Times New Roman&quot;;mso-font-kerning:0pt;mso-ligatures:none;mso-fareast-language:\n     FR\">500 g de crozets de Savoie<o:p><\/o:p><\/span><\/li>\n <li style=\"mso-margin-top-alt:auto;margin-bottom:7.5pt;\n     line-height:normal;mso-list:l2 level1 lfo1;tab-stops:list 36.0pt\"><span style=\"font-size:12.0pt;font-family:&quot;Arial&quot;,sans-serif;mso-fareast-font-family:\n     &quot;Times New Roman&quot;;mso-font-kerning:0pt;mso-ligatures:none;mso-fareast-language:\n     FR\">250 ml de cr\u00e8me fra\u00eeche liquide<o:p><\/o:p><\/span><\/li>\n <li style=\"mso-margin-top-alt:auto;margin-bottom:7.5pt;\n     line-height:normal;mso-list:l2 level1 lfo1;tab-stops:list 36.0pt\"><span style=\"font-size:12.0pt;font-family:&quot;Arial&quot;,sans-serif;mso-fareast-font-family:\n     &quot;Times New Roman&quot;;mso-font-kerning:0pt;mso-ligatures:none;mso-fareast-language:\n     FR\">250 g de Beaufort r\u00e2p\u00e9<o:p><\/o:p><\/span><\/li>\n <li style=\"mso-margin-top-alt:auto;margin-bottom:7.5pt;\n     line-height:normal;mso-list:l2 level1 lfo1;tab-stops:list 36.0pt\"><span style=\"font-size:12.0pt;font-family:&quot;Arial&quot;,sans-serif;mso-fareast-font-family:\n     &quot;Times New Roman&quot;;mso-font-kerning:0pt;mso-ligatures:none;mso-fareast-language:\n     FR\">100 g de lardons<o:p><\/o:p><\/span><\/li>\n <li style=\"mso-margin-top-alt:auto;margin-bottom:7.5pt;\n     line-height:normal;mso-list:l2 level1 lfo1;tab-stops:list 36.0pt\"><span style=\"font-size:12.0pt;font-family:&quot;Arial&quot;,sans-serif;mso-fareast-font-family:\n     &quot;Times New Roman&quot;;mso-font-kerning:0pt;mso-ligatures:none;mso-fareast-language:\n     FR\">2 oignons<o:p><\/o:p><\/span><\/li>\n <li style=\"mso-margin-top-alt:auto;margin-bottom:7.5pt;\n     line-height:normal;mso-list:l2 level1 lfo1;tab-stops:list 36.0pt\"><span style=\"font-size:12.0pt;font-family:&quot;Arial&quot;,sans-serif;mso-fareast-font-family:\n     &quot;Times New Roman&quot;;mso-font-kerning:0pt;mso-ligatures:none;mso-fareast-language:\n     FR\">Sel et poivre<o:p><\/o:p><\/span><\/li>\n<\/ul><p style=\"margin-top:18.0pt;margin-right:0cm;margin-bottom:\n18.0pt;margin-left:0cm;line-height:normal\"><span style=\"font-size:12.0pt;\nfont-family:&quot;Arial&quot;,sans-serif;mso-fareast-font-family:&quot;Times New Roman&quot;;\nmso-font-kerning:0pt;mso-ligatures:none;mso-fareast-language:FR\">Pr\u00e9paration<o:p><\/o:p><\/span><\/p><ol start=\"1\" type=\"1\">\n <li style=\"mso-margin-top-alt:auto;margin-bottom:7.5pt;\n     line-height:normal;mso-list:l0 level1 lfo2;tab-stops:list 36.0pt\"><span style=\"font-size:12.0pt;font-family:&quot;Arial&quot;,sans-serif;mso-fareast-font-family:\n     &quot;Times New Roman&quot;;mso-font-kerning:0pt;mso-ligatures:none;mso-fareast-language:\n     FR\">Pr\u00e9chauffez le four \u00e0 180\u00b0C.<o:p><\/o:p><\/span><\/li>\n <li style=\"mso-margin-top-alt:auto;margin-bottom:7.5pt;\n     line-height:normal;mso-list:l0 level1 lfo2;tab-stops:list 36.0pt\"><span style=\"font-size:12.0pt;font-family:&quot;Arial&quot;,sans-serif;mso-fareast-font-family:\n     &quot;Times New Roman&quot;;mso-font-kerning:0pt;mso-ligatures:none;mso-fareast-language:\n     FR\">Faites cuire les crozets dans une grande casserole d&rsquo;eau bouillante\n     sal\u00e9e pendant environ 15 minutes, ou jusqu&rsquo;\u00e0 ce qu&rsquo;ils soient al dente.<o:p><\/o:p><\/span><\/li>\n <li style=\"mso-margin-top-alt:auto;margin-bottom:7.5pt;\n     line-height:normal;mso-list:l0 level1 lfo2;tab-stops:list 36.0pt\"><span style=\"font-size:12.0pt;font-family:&quot;Arial&quot;,sans-serif;mso-fareast-font-family:\n     &quot;Times New Roman&quot;;mso-font-kerning:0pt;mso-ligatures:none;mso-fareast-language:\n     FR\">Pendant ce temps, faites revenir les lardons et les oignons hach\u00e9s\n     dans une po\u00eale jusqu&rsquo;\u00e0 ce qu&rsquo;ils soient dor\u00e9s.<o:p><\/o:p><\/span><\/li>\n <li style=\"mso-margin-top-alt:auto;margin-bottom:7.5pt;\n     line-height:normal;mso-list:l0 level1 lfo2;tab-stops:list 36.0pt\"><span style=\"font-size:12.0pt;font-family:&quot;Arial&quot;,sans-serif;mso-fareast-font-family:\n     &quot;Times New Roman&quot;;mso-font-kerning:0pt;mso-ligatures:none;mso-fareast-language:\n     FR\">Egouttez les crozets et m\u00e9langez-les avec les lardons, les oignons et\n     la cr\u00e8me fra\u00eeche.<o:p><\/o:p><\/span><\/li>\n <li style=\"mso-margin-top-alt:auto;margin-bottom:7.5pt;\n     line-height:normal;mso-list:l0 level1 lfo2;tab-stops:list 36.0pt\"><span style=\"font-size:12.0pt;font-family:&quot;Arial&quot;,sans-serif;mso-fareast-font-family:\n     &quot;Times New Roman&quot;;mso-font-kerning:0pt;mso-ligatures:none;mso-fareast-language:\n     FR\">Salez et poivrez \u00e0 votre convenance.<o:p><\/o:p><\/span><\/li>\n <li style=\"mso-margin-top-alt:auto;margin-bottom:7.5pt;\n     line-height:normal;mso-list:l0 level1 lfo2;tab-stops:list 36.0pt\"><span style=\"font-size:12.0pt;font-family:&quot;Arial&quot;,sans-serif;mso-fareast-font-family:\n     &quot;Times New Roman&quot;;mso-font-kerning:0pt;mso-ligatures:none;mso-fareast-language:\n     FR\">Versez le m\u00e9lange dans un plat \u00e0 gratin et parsemez de Beaufort r\u00e2p\u00e9.<o:p><\/o:p><\/span><\/li>\n <li style=\"mso-margin-top-alt:auto;margin-bottom:7.5pt;\n     line-height:normal;mso-list:l0 level1 lfo2;tab-stops:list 36.0pt\"><span style=\"font-size:12.0pt;font-family:&quot;Arial&quot;,sans-serif;mso-fareast-font-family:\n     &quot;Times New Roman&quot;;mso-font-kerning:0pt;mso-ligatures:none;mso-fareast-language:\n     FR\">Enfournez pour 20 minutes, ou jusqu&rsquo;\u00e0 ce que le fromage soit dor\u00e9 et\n     fondu.<o:p><\/o:p><\/span><\/li>\n<\/ol><p style=\"margin-top:18.0pt;margin-right:0cm;margin-bottom:\n18.0pt;margin-left:0cm;line-height:normal\"><span style=\"font-size:12.0pt;\nfont-family:&quot;Arial&quot;,sans-serif;mso-fareast-font-family:&quot;Times New Roman&quot;;\nmso-font-kerning:0pt;mso-ligatures:none;mso-fareast-language:FR\">Astuces<o:p><\/o:p><\/span><\/p><ul type=\"disc\">\n <li style=\"mso-margin-top-alt:auto;margin-bottom:7.5pt;\n     line-height:normal;mso-list:l1 level1 lfo3;tab-stops:list 36.0pt\"><span style=\"font-size:12.0pt;font-family:&quot;Arial&quot;,sans-serif;mso-fareast-font-family:\n     &quot;Times New Roman&quot;;mso-font-kerning:0pt;mso-ligatures:none;mso-fareast-language:\n     FR\">Vous pouvez ajouter d&rsquo;autres ingr\u00e9dients \u00e0 votre gratin, comme du\n     jambon de Savoie, des champignons, des l\u00e9gumes ou du fromage.<o:p><\/o:p><\/span><\/li>\n <li style=\"mso-margin-top-alt:auto;margin-bottom:7.5pt;\n     line-height:normal;mso-list:l1 level1 lfo3;tab-stops:list 36.0pt\"><span style=\"font-size:12.0pt;font-family:&quot;Arial&quot;,sans-serif;mso-fareast-font-family:\n     &quot;Times New Roman&quot;;mso-font-kerning:0pt;mso-ligatures:none;mso-fareast-language:\n     FR\">Pour un gratin plus croustillant, passez-le sous le grill du four\n     pendant quelques minutes avant de servir.<o:p><\/o:p><\/span><\/li>\n<\/ul><p style=\"margin-top:18.0pt;margin-right:0cm;margin-bottom:\n18.0pt;margin-left:0cm;line-height:normal\"><span style=\"font-size:12.0pt;\nfont-family:&quot;Arial&quot;,sans-serif;mso-fareast-font-family:&quot;Times New Roman&quot;;\nmso-font-kerning:0pt;mso-ligatures:none;mso-fareast-language:FR\">D\u00e9gustation<o:p><\/o:p><\/span><\/p><p>\n\n\n\n\n\n\n\n\n\n\n\n\n\n<\/p><p style=\"margin-top:18.0pt;margin-right:0cm;margin-bottom:\n18.0pt;margin-left:0cm;line-height:normal\"><span style=\"font-size:12.0pt;\nfont-family:&quot;Arial&quot;,sans-serif;mso-fareast-font-family:&quot;Times New Roman&quot;;\nmso-font-kerning:0pt;mso-ligatures:none;mso-fareast-language:FR\">Servez le\ngratin de crozets au beaufort bien chaud, avec une salade verte.<o:p><\/o:p><\/span><\/p>\t\t\t\t\t\t\t\t<\/div>\n\t\t\t\t<\/div>\n\t\t\t\t\t<\/div>\n\t\t<\/div>\n\t\t\t\t\t<\/div>\n\t\t<\/section>\n\t\t\t\t<\/div>\n\t\t","protected":false},"excerpt":{"rendered":"<p>Ingr\u00e9dients 500 g de crozets de Savoie 250 ml de cr\u00e8me fra\u00eeche liquide 250 g de Beaufort r\u00e2p\u00e9 100 g de lardons 2 oignons Sel et poivre Pr\u00e9paration Pr\u00e9chauffez le four \u00e0<\/p>\n<a class=\"moretag noptoppad\" href=\"https:\/\/www.chironetfils.fr\/index.php\/nos-recettes\/gratin-de-crozet-au-beaufort\/\">Read More...<\/a>","protected":false},"author":3,"featured_media":0,"parent":440,"menu_order":0,"comment_status":"closed","ping_status":"closed","template":"","meta":{"footnotes":""},"class_list":["post-893","page","type-page","status-publish","hentry"],"_links":{"self":[{"href":"https:\/\/www.chironetfils.fr\/index.php\/wp-json\/wp\/v2\/pages\/893","targetHints":{"allow":["GET"]}}],"collection":[{"href":"https:\/\/www.chironetfils.fr\/index.php\/wp-json\/wp\/v2\/pages"}],"about":[{"href":"https:\/\/www.chironetfils.fr\/index.php\/wp-json\/wp\/v2\/types\/page"}],"author":[{"embeddable":true,"href":"https:\/\/www.chironetfils.fr\/index.php\/wp-json\/wp\/v2\/users\/3"}],"replies":[{"embeddable":true,"href":"https:\/\/www.chironetfils.fr\/index.php\/wp-json\/wp\/v2\/comments?post=893"}],"version-history":[{"count":7,"href":"https:\/\/www.chironetfils.fr\/index.php\/wp-json\/wp\/v2\/pages\/893\/revisions"}],"predecessor-version":[{"id":922,"href":"https:\/\/www.chironetfils.fr\/index.php\/wp-json\/wp\/v2\/pages\/893\/revisions\/922"}],"up":[{"embeddable":true,"href":"https:\/\/www.chironetfils.fr\/index.php\/wp-json\/wp\/v2\/pages\/440"}],"wp:attachment":[{"href":"https:\/\/www.chironetfils.fr\/index.php\/wp-json\/wp\/v2\/media?parent=893"}],"curies":[{"name":"wp","href":"https:\/\/api.w.org\/{rel}","templated":true}]}}