{"id":812,"date":"2023-06-21T09:57:03","date_gmt":"2023-06-21T07:57:03","guid":{"rendered":"https:\/\/www.chironetfils.fr\/?page_id=812"},"modified":"2025-05-15T15:37:55","modified_gmt":"2025-05-15T13:37:55","slug":"torsette-aux-oeuf-epinard-betterave-en-salade-savoyard","status":"publish","type":"page","link":"https:\/\/www.chironetfils.fr\/index.php\/nos-recettes\/torsette-aux-oeuf-epinard-betterave-en-salade-savoyard\/","title":{"rendered":"Torsette aux \u0153uf, \u00e9pinard , betterave en salade Savoyard"},"content":{"rendered":"\t\t<div data-elementor-type=\"wp-page\" data-elementor-id=\"812\" class=\"elementor elementor-812\">\n\t\t\t\t\t\t<section class=\"elementor-section elementor-top-section elementor-element elementor-element-f8d20d0 elementor-section-boxed elementor-section-height-default elementor-section-height-default\" data-id=\"f8d20d0\" data-element_type=\"section\" data-e-type=\"section\">\n\t\t\t\t\t\t<div class=\"elementor-container elementor-column-gap-default\">\n\t\t\t\t\t<div class=\"elementor-column elementor-col-100 elementor-top-column elementor-element elementor-element-1455e31\" data-id=\"1455e31\" data-element_type=\"column\" data-e-type=\"column\">\n\t\t\t<div class=\"elementor-widget-wrap elementor-element-populated\">\n\t\t\t\t\t\t<div class=\"elementor-element elementor-element-666877d elementor-widget elementor-widget-image\" data-id=\"666877d\" data-element_type=\"widget\" data-e-type=\"widget\" data-widget_type=\"image.default\">\n\t\t\t\t<div class=\"elementor-widget-container\">\n\t\t\t\t\t\t\t\t\t\t\t\t\t\t\t<img fetchpriority=\"high\" decoding=\"async\" width=\"604\" height=\"805\" src=\"https:\/\/www.chironetfils.fr\/wp-content\/uploads\/2023\/06\/salade-torsette-3-4--768x1024.jpg\" class=\"attachment-large size-large wp-image-813\" alt=\"\" srcset=\"https:\/\/www.chironetfils.fr\/wp-content\/uploads\/2023\/06\/salade-torsette-3-4--768x1024.jpg 768w, https:\/\/www.chironetfils.fr\/wp-content\/uploads\/2023\/06\/salade-torsette-3-4--225x300.jpg 225w, https:\/\/www.chironetfils.fr\/wp-content\/uploads\/2023\/06\/salade-torsette-3-4--1152x1536.jpg 1152w, https:\/\/www.chironetfils.fr\/wp-content\/uploads\/2023\/06\/salade-torsette-3-4--1536x2048.jpg 1536w, https:\/\/www.chironetfils.fr\/wp-content\/uploads\/2023\/06\/salade-torsette-3-4--scaled.jpg 1920w\" sizes=\"(max-width: 604px) 100vw, 604px\" \/>\t\t\t\t\t\t\t\t\t\t\t\t\t\t\t<\/div>\n\t\t\t\t<\/div>\n\t\t\t\t\t<\/div>\n\t\t<\/div>\n\t\t\t\t\t<\/div>\n\t\t<\/section>\n\t\t\t\t<section class=\"elementor-section elementor-top-section elementor-element elementor-element-a8c8850 elementor-section-boxed elementor-section-height-default elementor-section-height-default\" data-id=\"a8c8850\" data-element_type=\"section\" data-e-type=\"section\">\n\t\t\t\t\t\t<div class=\"elementor-container elementor-column-gap-default\">\n\t\t\t\t\t<div class=\"elementor-column elementor-col-66 elementor-top-column elementor-element elementor-element-80d6e27\" data-id=\"80d6e27\" data-element_type=\"column\" data-e-type=\"column\">\n\t\t\t<div class=\"elementor-widget-wrap elementor-element-populated\">\n\t\t\t\t\t\t<div class=\"elementor-element elementor-element-abb612a elementor-widget elementor-widget-text-editor\" data-id=\"abb612a\" data-element_type=\"widget\" data-e-type=\"widget\" data-widget_type=\"text-editor.default\">\n\t\t\t\t<div class=\"elementor-widget-container\">\n\t\t\t\t\t\t\t\t\t<p><b><span style=\"font-size: 12.0pt; line-height: 107%; font-family: 'inherit',serif; mso-fareast-font-family: 'Times New Roman'; mso-bidi-font-family: 'Courier New'; mso-fareast-language: FR;\">Ingr\u00e9d<\/span>ients pour une salade de 6-8 personne :<\/b><\/p><p>&#8211; 500g de p\u00e2tes Torsette Chiron et Fils nature \u00e9pinard betterave<\/p><p>&#8211; 200g de jambon de Savoie coup\u00e9 en lani\u00e8res<\/p><p>&#8211; 150g de Beaufort coup\u00e9 en petits cubes<\/p><p>&#8211; 1\/2 tasse de noix de Savoie d\u00e9cortiqu\u00e9es<\/p><p>&#8211; 1\/4 de tasse de ciboulette frais cisel\u00e9<\/p><p>&#8211; 1\/4 de tasse d&rsquo;oignons nouveaux coup\u00e9s en rondelles<\/p><p>&#8211; 1\/4 de tasse de tomates cerise coup\u00e9es en petits morceaux<\/p><p>&#8211; Sel et poivre<\/p><p>Pour la vinaigrette :<\/p><p>&#8211; 1\/4 de tasse d&rsquo;huile d&rsquo;olive<\/p><p>&#8211; 2 cuill\u00e8res \u00e0 soupe de vinaigre de vin rouge<\/p><p>&#8211; 1 cuill\u00e8re \u00e0 soupe de moutarde de Dijon<\/p><p>&#8211; 1 cuill\u00e8re \u00e0 soupe de miel<\/p><p>&#8211; 1 gousse d&rsquo;ail finement hach\u00e9e<\/p><p>\u00a0<\/p><p>&#8211; Sel et poivre<\/p>\t\t\t\t\t\t\t\t<\/div>\n\t\t\t\t<\/div>\n\t\t\t\t\t<\/div>\n\t\t<\/div>\n\t\t\t\t<div class=\"elementor-column elementor-col-33 elementor-top-column elementor-element elementor-element-50014e4\" data-id=\"50014e4\" data-element_type=\"column\" data-e-type=\"column\">\n\t\t\t<div class=\"elementor-widget-wrap elementor-element-populated\">\n\t\t\t\t\t\t<div class=\"elementor-element elementor-element-435e6d0 elementor-widget elementor-widget-image\" data-id=\"435e6d0\" data-element_type=\"widget\" data-e-type=\"widget\" data-widget_type=\"image.default\">\n\t\t\t\t<div class=\"elementor-widget-container\">\n\t\t\t\t\t\t\t\t\t\t\t\t\t\t\t<img decoding=\"async\" width=\"604\" height=\"453\" src=\"https:\/\/www.chironetfils.fr\/wp-content\/uploads\/2023\/06\/salade-torsette-dessus-2-1024x768.jpg\" class=\"attachment-large size-large wp-image-819\" alt=\"\" srcset=\"https:\/\/www.chironetfils.fr\/wp-content\/uploads\/2023\/06\/salade-torsette-dessus-2-1024x768.jpg 1024w, https:\/\/www.chironetfils.fr\/wp-content\/uploads\/2023\/06\/salade-torsette-dessus-2-300x225.jpg 300w, https:\/\/www.chironetfils.fr\/wp-content\/uploads\/2023\/06\/salade-torsette-dessus-2-768x576.jpg 768w, https:\/\/www.chironetfils.fr\/wp-content\/uploads\/2023\/06\/salade-torsette-dessus-2-1536x1152.jpg 1536w, https:\/\/www.chironetfils.fr\/wp-content\/uploads\/2023\/06\/salade-torsette-dessus-2-2048x1536.jpg 2048w\" sizes=\"(max-width: 604px) 100vw, 604px\" \/>\t\t\t\t\t\t\t\t\t\t\t\t\t\t\t<\/div>\n\t\t\t\t<\/div>\n\t\t\t\t\t<\/div>\n\t\t<\/div>\n\t\t\t\t\t<\/div>\n\t\t<\/section>\n\t\t\t\t<section class=\"elementor-section elementor-top-section elementor-element elementor-element-775d8e8 elementor-section-boxed elementor-section-height-default elementor-section-height-default\" data-id=\"775d8e8\" data-element_type=\"section\" data-e-type=\"section\">\n\t\t\t\t\t\t<div class=\"elementor-container elementor-column-gap-default\">\n\t\t\t\t\t<div class=\"elementor-column elementor-col-100 elementor-top-column elementor-element elementor-element-1007cb8\" data-id=\"1007cb8\" data-element_type=\"column\" data-e-type=\"column\">\n\t\t\t<div class=\"elementor-widget-wrap elementor-element-populated\">\n\t\t\t\t\t\t<div class=\"elementor-element elementor-element-a44a268 elementor-widget elementor-widget-text-editor\" data-id=\"a44a268\" data-element_type=\"widget\" data-e-type=\"widget\" data-widget_type=\"text-editor.default\">\n\t\t\t\t<div class=\"elementor-widget-container\">\n\t\t\t\t\t\t\t\t\t<p>Instructions :<o:p><\/o:p><\/p><p><o:p>&nbsp;<\/o:p>1. Faites cuire les Torsette selon les instructions sur\nl&#8217;emballage. \u00c9gouttez-les et rincez-les \u00e0 l&rsquo;eau froide. R\u00e9servez.<\/p><p><o:p><\/o:p><\/p><p>2. Pendant ce temps, coupez le jambon de Savoie en lani\u00e8res,\nle beaufort en petits cubes, les oignons nouveaux en rondelles et les tomates\ns\u00e9ch\u00e9es en petits morceaux. Hachez grossi\u00e8rement les noix.<o:p><\/o:p><\/p><p>3. Dans un grand saladier, m\u00e9langez les Torsette avec le\njambon de Savoie en lani\u00e8res, le beaufort en petits cubes, les oignons, les noix\net tomate cerise coupe<o:p><\/o:p><\/p><p>Et pour finir m\u00e9langer avec la vinaigrette et parsemer la\nsalade avec la ciboulette que vous avez ciseler <o:p><\/o:p><\/p><p>\n\n\n\n\n\n\n\n\n\n\n\n<\/p><p>Bons appentis<o:p><\/o:p><\/p>\t\t\t\t\t\t\t\t<\/div>\n\t\t\t\t<\/div>\n\t\t\t\t\t<\/div>\n\t\t<\/div>\n\t\t\t\t\t<\/div>\n\t\t<\/section>\n\t\t\t\t<\/div>\n\t\t","protected":false},"excerpt":{"rendered":"<p>Ingr\u00e9dients pour une salade de 6-8 personne : &#8211; 500g de p\u00e2tes Torsette Chiron et Fils nature \u00e9pinard betterave &#8211; 200g de jambon de Savoie coup\u00e9 en lani\u00e8res &#8211; 150g de Beaufort<\/p>\n<a class=\"moretag noptoppad\" href=\"https:\/\/www.chironetfils.fr\/index.php\/nos-recettes\/torsette-aux-oeuf-epinard-betterave-en-salade-savoyard\/\">Read More...<\/a>","protected":false},"author":3,"featured_media":0,"parent":440,"menu_order":0,"comment_status":"closed","ping_status":"closed","template":"","meta":{"footnotes":""},"class_list":["post-812","page","type-page","status-publish","hentry"],"_links":{"self":[{"href":"https:\/\/www.chironetfils.fr\/index.php\/wp-json\/wp\/v2\/pages\/812","targetHints":{"allow":["GET"]}}],"collection":[{"href":"https:\/\/www.chironetfils.fr\/index.php\/wp-json\/wp\/v2\/pages"}],"about":[{"href":"https:\/\/www.chironetfils.fr\/index.php\/wp-json\/wp\/v2\/types\/page"}],"author":[{"embeddable":true,"href":"https:\/\/www.chironetfils.fr\/index.php\/wp-json\/wp\/v2\/users\/3"}],"replies":[{"embeddable":true,"href":"https:\/\/www.chironetfils.fr\/index.php\/wp-json\/wp\/v2\/comments?post=812"}],"version-history":[{"count":9,"href":"https:\/\/www.chironetfils.fr\/index.php\/wp-json\/wp\/v2\/pages\/812\/revisions"}],"predecessor-version":[{"id":826,"href":"https:\/\/www.chironetfils.fr\/index.php\/wp-json\/wp\/v2\/pages\/812\/revisions\/826"}],"up":[{"embeddable":true,"href":"https:\/\/www.chironetfils.fr\/index.php\/wp-json\/wp\/v2\/pages\/440"}],"wp:attachment":[{"href":"https:\/\/www.chironetfils.fr\/index.php\/wp-json\/wp\/v2\/media?parent=812"}],"curies":[{"name":"wp","href":"https:\/\/api.w.org\/{rel}","templated":true}]}}