{"id":736,"date":"2023-04-20T15:10:26","date_gmt":"2023-04-20T13:10:26","guid":{"rendered":"https:\/\/www.chironetfils.fr\/?page_id=736"},"modified":"2025-05-15T17:14:36","modified_gmt":"2025-05-15T15:14:36","slug":"vente-en-ligne","status":"publish","type":"page","link":"https:\/\/www.chironetfils.fr\/index.php\/vente-en-ligne\/","title":{"rendered":"Vente en ligne"},"content":{"rendered":"\t\t<div data-elementor-type=\"wp-page\" data-elementor-id=\"736\" class=\"elementor elementor-736\">\n\t\t\t\t\t\t<section class=\"elementor-section elementor-top-section elementor-element elementor-element-a7a2bf5 elementor-section-boxed elementor-section-height-default elementor-section-height-default\" data-id=\"a7a2bf5\" data-element_type=\"section\" data-e-type=\"section\">\n\t\t\t\t\t\t<div class=\"elementor-container elementor-column-gap-default\">\n\t\t\t\t\t<div class=\"elementor-column elementor-col-100 elementor-top-column elementor-element elementor-element-e466788\" data-id=\"e466788\" data-element_type=\"column\" data-e-type=\"column\">\n\t\t\t<div class=\"elementor-widget-wrap elementor-element-populated\">\n\t\t\t\t\t\t<div class=\"elementor-element elementor-element-83524b8 elementor-widget elementor-widget-spacer\" data-id=\"83524b8\" data-element_type=\"widget\" data-e-type=\"widget\" data-widget_type=\"spacer.default\">\n\t\t\t\t<div class=\"elementor-widget-container\">\n\t\t\t\t\t\t\t<div class=\"elementor-spacer\">\n\t\t\t<div class=\"elementor-spacer-inner\"><\/div>\n\t\t<\/div>\n\t\t\t\t\t\t<\/div>\n\t\t\t\t<\/div>\n\t\t\t\t\t<\/div>\n\t\t<\/div>\n\t\t\t\t\t<\/div>\n\t\t<\/section>\n\t\t\t\t<section class=\"elementor-section elementor-top-section elementor-element elementor-element-72d2330 elementor-section-boxed elementor-section-height-default elementor-section-height-default\" data-id=\"72d2330\" data-element_type=\"section\" data-e-type=\"section\">\n\t\t\t\t\t\t<div class=\"elementor-container elementor-column-gap-default\">\n\t\t\t\t\t<div class=\"elementor-column elementor-col-50 elementor-top-column elementor-element elementor-element-17901fb\" data-id=\"17901fb\" data-element_type=\"column\" data-e-type=\"column\">\n\t\t\t<div class=\"elementor-widget-wrap elementor-element-populated\">\n\t\t\t\t\t\t<div class=\"elementor-element elementor-element-7ddb5a5 elementor-widget elementor-widget-image\" data-id=\"7ddb5a5\" data-element_type=\"widget\" data-e-type=\"widget\" data-widget_type=\"image.default\">\n\t\t\t\t<div class=\"elementor-widget-container\">\n\t\t\t\t\t\t\t\t\t\t\t\t\t\t\t\t<a href=\"https:\/\/boutique.chironetfils.fr\/\">\n\t\t\t\t\t\t\t<img fetchpriority=\"high\" decoding=\"async\" width=\"604\" height=\"604\" src=\"https:\/\/www.chironetfils.fr\/wp-content\/uploads\/2025\/04\/vente-ligne-1024x1024.jpg\" class=\"attachment-large size-large wp-image-1170\" alt=\"\" srcset=\"https:\/\/www.chironetfils.fr\/wp-content\/uploads\/2025\/04\/vente-ligne-1024x1024.jpg 1024w, https:\/\/www.chironetfils.fr\/wp-content\/uploads\/2025\/04\/vente-ligne-300x300.jpg 300w, https:\/\/www.chironetfils.fr\/wp-content\/uploads\/2025\/04\/vente-ligne-150x150.jpg 150w, https:\/\/www.chironetfils.fr\/wp-content\/uploads\/2025\/04\/vente-ligne-768x768.jpg 768w, https:\/\/www.chironetfils.fr\/wp-content\/uploads\/2025\/04\/vente-ligne-600x600.jpg 600w, https:\/\/www.chironetfils.fr\/wp-content\/uploads\/2025\/04\/vente-ligne-100x100.jpg 100w, https:\/\/www.chironetfils.fr\/wp-content\/uploads\/2025\/04\/vente-ligne.jpg 1200w\" sizes=\"(max-width: 604px) 100vw, 604px\" \/>\t\t\t\t\t\t\t\t<\/a>\n\t\t\t\t\t\t\t\t\t\t\t\t\t\t\t<\/div>\n\t\t\t\t<\/div>\n\t\t\t\t\t<\/div>\n\t\t<\/div>\n\t\t\t\t<div class=\"elementor-column elementor-col-50 elementor-top-column elementor-element elementor-element-36c9686\" data-id=\"36c9686\" data-element_type=\"column\" data-e-type=\"column\">\n\t\t\t<div class=\"elementor-widget-wrap elementor-element-populated\">\n\t\t\t\t\t\t<div class=\"elementor-element elementor-element-d292875 elementor-widget elementor-widget-text-editor\" data-id=\"d292875\" data-element_type=\"widget\" data-e-type=\"widget\" data-widget_type=\"text-editor.default\">\n\t\t\t\t<div class=\"elementor-widget-container\">\n\t\t\t\t\t\t\t\t\t<p data-start=\"28\" data-end=\"168\">\u00a0<\/p><p data-start=\"28\" data-end=\"168\">Des mois d\u2019efforts, d\u2019ajustements et de passion pour vous offrir un acc\u00e8s direct \u00e0 tout le savoir-faire de la Vermicellerie Chiron &amp; Fils.<\/p><p data-start=\"175\" data-end=\"278\">Des p\u00e2tes artisanales 100 % savoyardes, fabriqu\u00e9es avec amour, pr\u00eates \u00e0 voyager jusqu\u2019\u00e0 votre table !<\/p><p data-start=\"285\" data-end=\"322\">Livraison offerte d\u00e8s 50 \u20ac d\u2019achat.<\/p><p data-start=\"329\" data-end=\"490\">Nous n\u2019avons pas de boutique \u00e0 l\u2019atelier, mais nous pouvons pr\u00e9parer votre commande pour retrait direct dans nos locaux :<\/p><p style=\"text-align: center;\" data-start=\"279\" data-end=\"450\"><a href=\"https:\/\/maps.app.goo.gl\/92dskwjsVM6qGGG9A\" target=\"_blank\" rel=\"noopener\">Vermicellerie CHIRON et Fils, 340 rue \u00c9mile Zola, La Ravoire<\/a><\/p>\t\t\t\t\t\t\t\t<\/div>\n\t\t\t\t<\/div>\n\t\t\t\t<div class=\"elementor-element elementor-element-0048958 elementor-widget elementor-widget-spacer\" data-id=\"0048958\" data-element_type=\"widget\" data-e-type=\"widget\" data-widget_type=\"spacer.default\">\n\t\t\t\t<div class=\"elementor-widget-container\">\n\t\t\t\t\t\t\t<div class=\"elementor-spacer\">\n\t\t\t<div class=\"elementor-spacer-inner\"><\/div>\n\t\t<\/div>\n\t\t\t\t\t\t<\/div>\n\t\t\t\t<\/div>\n\t\t\t\t<div class=\"elementor-element elementor-element-941a84a elementor-button-info elementor-align-center elementor-widget elementor-widget-button\" data-id=\"941a84a\" data-element_type=\"widget\" data-e-type=\"widget\" data-widget_type=\"button.default\">\n\t\t\t\t<div class=\"elementor-widget-container\">\n\t\t\t\t\t\t\t\t\t<div class=\"elementor-button-wrapper\">\n\t\t\t\t\t<a class=\"elementor-button elementor-button-link elementor-size-sm\" href=\"https:\/\/boutique.chironetfils.fr\/\">\n\t\t\t\t\t\t<span class=\"elementor-button-content-wrapper\">\n\t\t\t\t\t\t\t\t\t<span class=\"elementor-button-text\">Commandez d\u00e8s maintenant !<\/span>\n\t\t\t\t\t<\/span>\n\t\t\t\t\t<\/a>\n\t\t\t\t<\/div>\n\t\t\t\t\t\t\t\t<\/div>\n\t\t\t\t<\/div>\n\t\t\t\t\t<\/div>\n\t\t<\/div>\n\t\t\t\t\t<\/div>\n\t\t<\/section>\n\t\t\t\t<section class=\"elementor-section elementor-top-section elementor-element elementor-element-3ad98e2 elementor-section-boxed elementor-section-height-default elementor-section-height-default\" data-id=\"3ad98e2\" data-element_type=\"section\" data-e-type=\"section\">\n\t\t\t\t\t\t<div class=\"elementor-container elementor-column-gap-default\">\n\t\t\t\t\t<div class=\"elementor-column elementor-col-100 elementor-top-column elementor-element elementor-element-1945d5d\" data-id=\"1945d5d\" data-element_type=\"column\" data-e-type=\"column\">\n\t\t\t<div class=\"elementor-widget-wrap elementor-element-populated\">\n\t\t\t\t\t\t<div class=\"elementor-element elementor-element-72f1fa0 elementor-widget elementor-widget-google_maps\" data-id=\"72f1fa0\" data-element_type=\"widget\" data-e-type=\"widget\" data-widget_type=\"google_maps.default\">\n\t\t\t\t<div class=\"elementor-widget-container\">\n\t\t\t\t\t\t\t<div class=\"elementor-custom-embed\">\n\t\t\t<iframe loading=\"lazy\"\n\t\t\t\t\tsrc=\"https:\/\/maps.google.com\/maps?q=vermicellerie%20chiron%20et%20fils&#038;t=m&#038;z=15&#038;output=embed&#038;iwloc=near\"\n\t\t\t\t\ttitle=\"vermicellerie chiron et fils\"\n\t\t\t\t\taria-label=\"vermicellerie chiron et fils\"\n\t\t\t><\/iframe>\n\t\t<\/div>\n\t\t\t\t\t\t<\/div>\n\t\t\t\t<\/div>\n\t\t\t\t\t<\/div>\n\t\t<\/div>\n\t\t\t\t\t<\/div>\n\t\t<\/section>\n\t\t\t\t<\/div>\n\t\t","protected":false},"excerpt":{"rendered":"<p>\u00a0 Des mois d\u2019efforts, d\u2019ajustements et de passion pour vous offrir un acc\u00e8s direct \u00e0 tout le savoir-faire de la Vermicellerie Chiron &amp; Fils. Des p\u00e2tes artisanales 100 % savoyardes, fabriqu\u00e9es avec<\/p>\n<a class=\"moretag noptoppad\" href=\"https:\/\/www.chironetfils.fr\/index.php\/vente-en-ligne\/\">Read More...<\/a>","protected":false},"author":3,"featured_media":0,"parent":0,"menu_order":0,"comment_status":"closed","ping_status":"closed","template":"","meta":{"footnotes":""},"class_list":["post-736","page","type-page","status-publish","hentry"],"_links":{"self":[{"href":"https:\/\/www.chironetfils.fr\/index.php\/wp-json\/wp\/v2\/pages\/736","targetHints":{"allow":["GET"]}}],"collection":[{"href":"https:\/\/www.chironetfils.fr\/index.php\/wp-json\/wp\/v2\/pages"}],"about":[{"href":"https:\/\/www.chironetfils.fr\/index.php\/wp-json\/wp\/v2\/types\/page"}],"author":[{"embeddable":true,"href":"https:\/\/www.chironetfils.fr\/index.php\/wp-json\/wp\/v2\/users\/3"}],"replies":[{"embeddable":true,"href":"https:\/\/www.chironetfils.fr\/index.php\/wp-json\/wp\/v2\/comments?post=736"}],"version-history":[{"count":43,"href":"https:\/\/www.chironetfils.fr\/index.php\/wp-json\/wp\/v2\/pages\/736\/revisions"}],"predecessor-version":[{"id":1202,"href":"https:\/\/www.chironetfils.fr\/index.php\/wp-json\/wp\/v2\/pages\/736\/revisions\/1202"}],"wp:attachment":[{"href":"https:\/\/www.chironetfils.fr\/index.php\/wp-json\/wp\/v2\/media?parent=736"}],"curies":[{"name":"wp","href":"https:\/\/api.w.org\/{rel}","templated":true}]}}