{"id":26,"date":"2021-09-19T21:34:00","date_gmt":"2021-09-19T19:34:00","guid":{"rendered":"https:\/\/www.chironetfils.fr\/?page_id=26"},"modified":"2024-10-17T18:11:32","modified_gmt":"2024-10-17T16:11:32","slug":"nos-produits","status":"publish","type":"page","link":"https:\/\/www.chironetfils.fr\/index.php\/nos-produits\/","title":{"rendered":"Nos Produits"},"content":{"rendered":"<div class=\"wp-block-image\">\n<figure class=\"aligncenter size-full\"><img fetchpriority=\"high\" decoding=\"async\" width=\"648\" height=\"253\" src=\"https:\/\/www.chironetfils.fr\/wp-content\/uploads\/2021\/09\/Savoir-faire.jpg\" alt=\"\" class=\"wp-image-48\" srcset=\"https:\/\/www.chironetfils.fr\/wp-content\/uploads\/2021\/09\/Savoir-faire.jpg 648w, https:\/\/www.chironetfils.fr\/wp-content\/uploads\/2021\/09\/Savoir-faire-300x117.jpg 300w\" sizes=\"(max-width: 648px) 100vw, 648px\" \/><\/figure>\n<\/div>\n\n\n<p class=\"has-text-align-center\" style=\"font-size:30px\"><strong>Fabrication artisanale de sp\u00e9cialit\u00e9 c\u00e9r\u00e9ali\u00e8re aux bl\u00e9 et \u0153ufs 100 % Savoie<\/strong><\/p>\n\n\n\n<div class=\"wp-block-columns is-layout-flex wp-container-core-columns-is-layout-9d6595d7 wp-block-columns-is-layout-flex\">\n<div class=\"wp-block-column is-layout-flow wp-block-column-is-layout-flow\">\n<figure class=\"wp-block-image size-large\"><a href=\"https:\/\/www.chironetfils.fr\/index.php\/nos-produits\/les-pates\/\"><img decoding=\"async\" width=\"1024\" height=\"768\" src=\"https:\/\/www.chironetfils.fr\/wp-content\/uploads\/2022\/01\/VCF-Ambiance-Pates-3-1024x768.jpg\" alt=\"\" class=\"wp-image-149\" srcset=\"https:\/\/www.chironetfils.fr\/wp-content\/uploads\/2022\/01\/VCF-Ambiance-Pates-3-1024x768.jpg 1024w, https:\/\/www.chironetfils.fr\/wp-content\/uploads\/2022\/01\/VCF-Ambiance-Pates-3-300x225.jpg 300w, https:\/\/www.chironetfils.fr\/wp-content\/uploads\/2022\/01\/VCF-Ambiance-Pates-3-768x576.jpg 768w, https:\/\/www.chironetfils.fr\/wp-content\/uploads\/2022\/01\/VCF-Ambiance-Pates-3-1536x1152.jpg 1536w, https:\/\/www.chironetfils.fr\/wp-content\/uploads\/2022\/01\/VCF-Ambiance-Pates-3-2048x1536.jpg 2048w\" sizes=\"(max-width: 1024px) 100vw, 1024px\" \/><\/a><\/figure>\n\n\n\n<p class=\"has-text-align-center has-medium-font-size\"><a href=\"https:\/\/www.chironetfils.fr\/index.php\/nos-produits\/les-pates\/\" data-type=\"page\" data-id=\"59\"><strong>Les P\u00e2tes<\/strong><\/a><\/p>\n\n\n\n<p class=\"has-text-align-center\">Issues de notre riche patrimoine pastier savoyard, ancienne terre italienne<\/p>\n<\/div>\n\n\n\n<div class=\"wp-block-column is-layout-flow wp-block-column-is-layout-flow\">\n<figure class=\"wp-block-image size-large\"><a href=\"https:\/\/www.chironetfils.fr\/index.php\/nos-produits\/les-taillerins\/\"><img decoding=\"async\" width=\"1024\" height=\"768\" src=\"https:\/\/www.chironetfils.fr\/wp-content\/uploads\/2022\/01\/VCF-Ambiance-Taillerins-1024x768.jpg\" alt=\"\" class=\"wp-image-152\" srcset=\"https:\/\/www.chironetfils.fr\/wp-content\/uploads\/2022\/01\/VCF-Ambiance-Taillerins-1024x768.jpg 1024w, https:\/\/www.chironetfils.fr\/wp-content\/uploads\/2022\/01\/VCF-Ambiance-Taillerins-300x225.jpg 300w, https:\/\/www.chironetfils.fr\/wp-content\/uploads\/2022\/01\/VCF-Ambiance-Taillerins-768x576.jpg 768w, https:\/\/www.chironetfils.fr\/wp-content\/uploads\/2022\/01\/VCF-Ambiance-Taillerins-1536x1152.jpg 1536w, https:\/\/www.chironetfils.fr\/wp-content\/uploads\/2022\/01\/VCF-Ambiance-Taillerins-2048x1536.jpg 2048w\" sizes=\"(max-width: 1024px) 100vw, 1024px\" \/><\/a><\/figure>\n\n\n\n<p class=\"has-text-align-center has-medium-font-size\"><strong><a href=\"https:\/\/www.chironetfils.fr\/index.php\/nos-produits\/les-taillerins\/\" data-type=\"page\" data-id=\"56\">Les Taillerins<\/a><\/strong><\/p>\n\n\n\n<p class=\"has-text-align-center\">Fabriqu\u00e9s depuis toujours par les m\u00e9nag\u00e8res savoyardes en accommodant des produits \u00e0 leur disposition au gr\u00e9 des saisons<\/p>\n<\/div>\n\n\n\n<div class=\"wp-block-column is-layout-flow wp-block-column-is-layout-flow\">\n<figure class=\"wp-block-image size-large\"><a href=\"https:\/\/www.chironetfils.fr\/index.php\/nos-produits\/les-crozets\/\"><img loading=\"lazy\" decoding=\"async\" width=\"1024\" height=\"768\" src=\"https:\/\/www.chironetfils.fr\/wp-content\/uploads\/2022\/01\/VCF-Ambiance-Crozets-1024x768.jpg\" alt=\"\" class=\"wp-image-146\" srcset=\"https:\/\/www.chironetfils.fr\/wp-content\/uploads\/2022\/01\/VCF-Ambiance-Crozets-1024x768.jpg 1024w, https:\/\/www.chironetfils.fr\/wp-content\/uploads\/2022\/01\/VCF-Ambiance-Crozets-300x225.jpg 300w, https:\/\/www.chironetfils.fr\/wp-content\/uploads\/2022\/01\/VCF-Ambiance-Crozets-768x576.jpg 768w, https:\/\/www.chironetfils.fr\/wp-content\/uploads\/2022\/01\/VCF-Ambiance-Crozets-1536x1152.jpg 1536w, https:\/\/www.chironetfils.fr\/wp-content\/uploads\/2022\/01\/VCF-Ambiance-Crozets-2048x1536.jpg 2048w\" sizes=\"(max-width: 1024px) 100vw, 1024px\" \/><\/a><\/figure>\n\n\n\n<p class=\"has-text-align-center has-medium-font-size\"><strong><a href=\"https:\/\/www.chironetfils.fr\/index.php\/nos-produits\/les-crozets\/\" data-type=\"page\" data-id=\"63\">Les Crozets<\/a><\/strong><\/p>\n\n\n\n<p class=\"has-text-align-center\">Sp\u00e9cialit\u00e9 savoyarde inscrite au patrimoine culinaire de la Savoie<\/p>\n<\/div>\n<\/div>\n\n\n\n<p><\/p>\n","protected":false},"excerpt":{"rendered":"<p>Fabrication artisanale de sp\u00e9cialit\u00e9 c\u00e9r\u00e9ali\u00e8re aux bl\u00e9 et \u0153ufs 100 % Savoie Les P\u00e2tes Issues de notre riche patrimoine pastier savoyard, ancienne terre italienne Les Taillerins Fabriqu\u00e9s depuis toujours par les m\u00e9nag\u00e8res<\/p>\n<a class=\"moretag noptoppad\" href=\"https:\/\/www.chironetfils.fr\/index.php\/nos-produits\/\">Read More...<\/a>","protected":false},"author":1,"featured_media":0,"parent":0,"menu_order":0,"comment_status":"closed","ping_status":"closed","template":"","meta":{"footnotes":""},"class_list":["post-26","page","type-page","status-publish","hentry"],"_links":{"self":[{"href":"https:\/\/www.chironetfils.fr\/index.php\/wp-json\/wp\/v2\/pages\/26","targetHints":{"allow":["GET"]}}],"collection":[{"href":"https:\/\/www.chironetfils.fr\/index.php\/wp-json\/wp\/v2\/pages"}],"about":[{"href":"https:\/\/www.chironetfils.fr\/index.php\/wp-json\/wp\/v2\/types\/page"}],"author":[{"embeddable":true,"href":"https:\/\/www.chironetfils.fr\/index.php\/wp-json\/wp\/v2\/users\/1"}],"replies":[{"embeddable":true,"href":"https:\/\/www.chironetfils.fr\/index.php\/wp-json\/wp\/v2\/comments?post=26"}],"version-history":[{"count":20,"href":"https:\/\/www.chironetfils.fr\/index.php\/wp-json\/wp\/v2\/pages\/26\/revisions"}],"predecessor-version":[{"id":1028,"href":"https:\/\/www.chironetfils.fr\/index.php\/wp-json\/wp\/v2\/pages\/26\/revisions\/1028"}],"wp:attachment":[{"href":"https:\/\/www.chironetfils.fr\/index.php\/wp-json\/wp\/v2\/media?parent=26"}],"curies":[{"name":"wp","href":"https:\/\/api.w.org\/{rel}","templated":true}]}}