{"id":1132,"date":"2024-10-23T15:37:14","date_gmt":"2024-10-23T13:37:14","guid":{"rendered":"https:\/\/www.chironetfils.fr\/?page_id=1132"},"modified":"2025-05-15T15:37:21","modified_gmt":"2025-05-15T13:37:21","slug":"ragout-de-queue-de-boeuf-a-la-canelle-rigaton-et-blettes-italiennes","status":"publish","type":"page","link":"https:\/\/www.chironetfils.fr\/index.php\/nos-recettes\/ragout-de-queue-de-boeuf-a-la-canelle-rigaton-et-blettes-italiennes\/","title":{"rendered":"RAGOUT DE QUEUE DE B\u0152UF A LA CANELLE, RIGATON ET BLETTES ITALIENNES"},"content":{"rendered":"\t\t<div data-elementor-type=\"wp-page\" data-elementor-id=\"1132\" class=\"elementor elementor-1132\">\n\t\t\t\t\t\t<section class=\"elementor-section elementor-top-section elementor-element elementor-element-029237a elementor-section-boxed elementor-section-height-default elementor-section-height-default\" data-id=\"029237a\" data-element_type=\"section\" data-e-type=\"section\">\n\t\t\t\t\t\t<div class=\"elementor-container elementor-column-gap-default\">\n\t\t\t\t\t<div class=\"elementor-column elementor-col-100 elementor-top-column elementor-element elementor-element-f7644c3\" data-id=\"f7644c3\" data-element_type=\"column\" data-e-type=\"column\">\n\t\t\t<div class=\"elementor-widget-wrap elementor-element-populated\">\n\t\t\t\t\t\t<div class=\"elementor-element elementor-element-c817d93 elementor-widget elementor-widget-image\" data-id=\"c817d93\" data-element_type=\"widget\" data-e-type=\"widget\" data-widget_type=\"image.default\">\n\t\t\t\t<div class=\"elementor-widget-container\">\n\t\t\t\t\t\t\t\t\t\t\t\t\t\t\t<img decoding=\"async\" src=\"https:\/\/www.chironetfils.fr\/wp-content\/plugins\/elementor\/assets\/images\/placeholder.png\" title=\"\" alt=\"\" loading=\"lazy\" \/>\t\t\t\t\t\t\t\t\t\t\t\t\t\t\t<\/div>\n\t\t\t\t<\/div>\n\t\t\t\t\t<\/div>\n\t\t<\/div>\n\t\t\t\t\t<\/div>\n\t\t<\/section>\n\t\t\t\t<section class=\"elementor-section elementor-top-section elementor-element elementor-element-2f3abc8 elementor-section-boxed elementor-section-height-default elementor-section-height-default\" data-id=\"2f3abc8\" data-element_type=\"section\" data-e-type=\"section\">\n\t\t\t\t\t\t<div class=\"elementor-container elementor-column-gap-default\">\n\t\t\t\t\t<div class=\"elementor-column elementor-col-100 elementor-top-column elementor-element elementor-element-09a7a5d\" data-id=\"09a7a5d\" data-element_type=\"column\" data-e-type=\"column\">\n\t\t\t<div class=\"elementor-widget-wrap\">\n\t\t\t\t\t\t\t<\/div>\n\t\t<\/div>\n\t\t\t\t\t<\/div>\n\t\t<\/section>\n\t\t\t\t<section class=\"elementor-section elementor-top-section elementor-element elementor-element-66bdf70 elementor-section-boxed elementor-section-height-default elementor-section-height-default\" data-id=\"66bdf70\" data-element_type=\"section\" data-e-type=\"section\">\n\t\t\t\t\t\t<div class=\"elementor-container elementor-column-gap-default\">\n\t\t\t\t\t<div class=\"elementor-column elementor-col-100 elementor-top-column elementor-element elementor-element-6d77bbc\" data-id=\"6d77bbc\" data-element_type=\"column\" data-e-type=\"column\">\n\t\t\t<div class=\"elementor-widget-wrap elementor-element-populated\">\n\t\t\t\t\t\t<div class=\"elementor-element elementor-element-44cf784 elementor-widget elementor-widget-heading\" data-id=\"44cf784\" data-element_type=\"widget\" data-e-type=\"widget\" data-widget_type=\"heading.default\">\n\t\t\t\t<div class=\"elementor-widget-container\">\n\t\t\t\t\t<h2 class=\"elementor-heading-title elementor-size-default\">T<\/h2>\t\t\t\t<\/div>\n\t\t\t\t<\/div>\n\t\t\t\t\t<\/div>\n\t\t<\/div>\n\t\t\t\t\t<\/div>\n\t\t<\/section>\n\t\t\t\t<section class=\"elementor-section elementor-top-section elementor-element elementor-element-2fd5cac elementor-section-boxed elementor-section-height-default elementor-section-height-default\" data-id=\"2fd5cac\" data-element_type=\"section\" data-e-type=\"section\">\n\t\t\t\t\t\t<div class=\"elementor-container elementor-column-gap-default\">\n\t\t\t\t\t<div class=\"elementor-column elementor-col-100 elementor-top-column elementor-element elementor-element-dace5b6\" data-id=\"dace5b6\" data-element_type=\"column\" data-e-type=\"column\">\n\t\t\t<div class=\"elementor-widget-wrap elementor-element-populated\">\n\t\t\t\t\t\t<div class=\"elementor-element elementor-element-39629b7 elementor-widget elementor-widget-image\" data-id=\"39629b7\" data-element_type=\"widget\" data-e-type=\"widget\" data-widget_type=\"image.default\">\n\t\t\t\t<div class=\"elementor-widget-container\">\n\t\t\t\t\t\t\t\t\t\t\t\t\t\t\t<img fetchpriority=\"high\" decoding=\"async\" width=\"604\" height=\"805\" src=\"https:\/\/www.chironetfils.fr\/wp-content\/uploads\/2024\/10\/Rigation-et-queu-de-beouf-a-la-canel-catherin-cochet-4-768x1024.jpg\" class=\"attachment-large size-large wp-image-1120\" alt=\"\" srcset=\"https:\/\/www.chironetfils.fr\/wp-content\/uploads\/2024\/10\/Rigation-et-queu-de-beouf-a-la-canel-catherin-cochet-4-768x1024.jpg 768w, https:\/\/www.chironetfils.fr\/wp-content\/uploads\/2024\/10\/Rigation-et-queu-de-beouf-a-la-canel-catherin-cochet-4-225x300.jpg 225w, https:\/\/www.chironetfils.fr\/wp-content\/uploads\/2024\/10\/Rigation-et-queu-de-beouf-a-la-canel-catherin-cochet-4-600x800.jpg 600w, https:\/\/www.chironetfils.fr\/wp-content\/uploads\/2024\/10\/Rigation-et-queu-de-beouf-a-la-canel-catherin-cochet-4.jpg 960w\" sizes=\"(max-width: 604px) 100vw, 604px\" \/>\t\t\t\t\t\t\t\t\t\t\t\t\t\t\t<\/div>\n\t\t\t\t<\/div>\n\t\t\t\t\t<\/div>\n\t\t<\/div>\n\t\t\t\t\t<\/div>\n\t\t<\/section>\n\t\t\t\t<section class=\"elementor-section elementor-top-section elementor-element elementor-element-61bd0b8 elementor-section-boxed elementor-section-height-default elementor-section-height-default\" data-id=\"61bd0b8\" data-element_type=\"section\" data-e-type=\"section\">\n\t\t\t\t\t\t<div class=\"elementor-container elementor-column-gap-default\">\n\t\t\t\t\t<div class=\"elementor-column elementor-col-100 elementor-top-column elementor-element elementor-element-e473a77\" data-id=\"e473a77\" data-element_type=\"column\" data-e-type=\"column\">\n\t\t\t<div class=\"elementor-widget-wrap elementor-element-populated\">\n\t\t\t\t\t\t<div class=\"elementor-element elementor-element-60b01a0 elementor-widget elementor-widget-text-editor\" data-id=\"60b01a0\" data-element_type=\"widget\" data-e-type=\"widget\" data-widget_type=\"text-editor.default\">\n\t\t\t\t<div class=\"elementor-widget-container\">\n\t\t\t\t\t\t\t\t\t<p>Temps de cuisson des p\u00e2tes 5 minutes<\/p><p>Ingr\u00e9dients pour \u20184<\/p><ul><li>Un paquet de p\u00e2tes Rigaton<\/li><li>8 morceaux de queue de b\u0153uf<\/li><li>500 gr de tomates cerises<\/li><li>Une petite botte de blettes italiennes nettoy\u00e9e que vous pouvez les laisser enti\u00e8res.<\/li><li>100 gr d\u2019\u00e9chalotes grises cisel\u00e9es<\/li><li>10 gousses d\u2019ail \u00e9cras\u00e9es<\/li><li>Un bouquet aromatique (thym, laurier, romarin et sauge)<\/li><li>Un demi litre de vin rouge ou blanc<\/li><li>Un litre d\u2019eau<\/li><li>1 b\u00e2ton de cannelle<\/li><li>5 clou de girofle<\/li><li>3 c \u00e0 s d\u2019huile d\u2019olive<\/li><li>Sel Poivre<\/li><\/ul><p>\u00a0<\/p><p>Dans une cocotte a fond \u00e9pais faite caram\u00e9liser la viande dans l\u2019huile d\u2019olive. Laissez bien accrocher les sucs afin de donner beaucoup de go\u00fbt \u00e0 votre ragout.<\/p><p>Apres une quinzaine de minute ajoutez les \u00e9chalotes et les gousses d\u2019ail, faire dorer 5 min, puis ajouter la cannelle, les clous de girofle, le poivre, les tomates, le bouquets garnis, le vin et couvrez d\u2019eau jusqu\u2019\u00e0 hauteur de la viande. Mettre le couvercle et laissez mijoter \u00e0 feu doux 3 \u00e0 4 heures jusqu\u2019\u00e0 ce que la viande soit tendre . Rajoutez de l\u2019eau si besoin en cours de cuisson, la viande doit \u00eatre couverte. La viande est cuite lorsqu\u2019elle se d\u00e9tache des os.<\/p><p>Le lendemain, faite r\u00e9chauffer votre viande et d\u00e9poser les blettes enti\u00e8res sur le dessus dans la sauce, r\u00e9chauffez sans couvrir pendant 30 minutes et surveillez la r\u00e9duction de la sauce.<\/p><p>Faire cuir les Rigaton dans un grand volume d\u2019eau sal\u00e9e pendant 5 minutes et les m\u00ealer dans la sauce dans la cocotte, servez sans attendre.<\/p><p>Pour une pr\u00e9sentation bistronomique pr\u00e9sentez les Rigaton debout entour\u00e9s des blettes. <\/p>\t\t\t\t\t\t\t\t<\/div>\n\t\t\t\t<\/div>\n\t\t\t\t\t<\/div>\n\t\t<\/div>\n\t\t\t\t\t<\/div>\n\t\t<\/section>\n\t\t\t\t<\/div>\n\t\t","protected":false},"excerpt":{"rendered":"<p>T Temps de cuisson des p\u00e2tes 5 minutes Ingr\u00e9dients pour \u20184 Un paquet de p\u00e2tes Rigaton 8 morceaux de queue de b\u0153uf 500 gr de tomates cerises Une petite botte de blettes<\/p>\n<a class=\"moretag noptoppad\" href=\"https:\/\/www.chironetfils.fr\/index.php\/nos-recettes\/ragout-de-queue-de-boeuf-a-la-canelle-rigaton-et-blettes-italiennes\/\">Read More...<\/a>","protected":false},"author":3,"featured_media":0,"parent":440,"menu_order":0,"comment_status":"closed","ping_status":"closed","template":"","meta":{"footnotes":""},"class_list":["post-1132","page","type-page","status-publish","hentry"],"_links":{"self":[{"href":"https:\/\/www.chironetfils.fr\/index.php\/wp-json\/wp\/v2\/pages\/1132","targetHints":{"allow":["GET"]}}],"collection":[{"href":"https:\/\/www.chironetfils.fr\/index.php\/wp-json\/wp\/v2\/pages"}],"about":[{"href":"https:\/\/www.chironetfils.fr\/index.php\/wp-json\/wp\/v2\/types\/page"}],"author":[{"embeddable":true,"href":"https:\/\/www.chironetfils.fr\/index.php\/wp-json\/wp\/v2\/users\/3"}],"replies":[{"embeddable":true,"href":"https:\/\/www.chironetfils.fr\/index.php\/wp-json\/wp\/v2\/comments?post=1132"}],"version-history":[{"count":19,"href":"https:\/\/www.chironetfils.fr\/index.php\/wp-json\/wp\/v2\/pages\/1132\/revisions"}],"predecessor-version":[{"id":1152,"href":"https:\/\/www.chironetfils.fr\/index.php\/wp-json\/wp\/v2\/pages\/1132\/revisions\/1152"}],"up":[{"embeddable":true,"href":"https:\/\/www.chironetfils.fr\/index.php\/wp-json\/wp\/v2\/pages\/440"}],"wp:attachment":[{"href":"https:\/\/www.chironetfils.fr\/index.php\/wp-json\/wp\/v2\/media?parent=1132"}],"curies":[{"name":"wp","href":"https:\/\/api.w.org\/{rel}","templated":true}]}}