{"id":1086,"date":"2024-10-23T11:58:19","date_gmt":"2024-10-23T09:58:19","guid":{"rendered":"https:\/\/www.chironetfils.fr\/?page_id=1086"},"modified":"2025-05-15T15:37:36","modified_gmt":"2025-05-15T13:37:36","slug":"salade-de-crozet-avocat","status":"publish","type":"page","link":"https:\/\/www.chironetfils.fr\/index.php\/nos-recettes\/salade-de-crozet-avocat\/","title":{"rendered":"Salade de crozet avocat"},"content":{"rendered":"\t\t<div data-elementor-type=\"wp-page\" data-elementor-id=\"1086\" class=\"elementor elementor-1086\">\n\t\t\t\t\t\t<section class=\"elementor-section elementor-top-section elementor-element elementor-element-962e504 elementor-section-boxed elementor-section-height-default elementor-section-height-default\" data-id=\"962e504\" data-element_type=\"section\" data-e-type=\"section\">\n\t\t\t\t\t\t<div class=\"elementor-container elementor-column-gap-default\">\n\t\t\t\t\t<div class=\"elementor-column elementor-col-100 elementor-top-column elementor-element elementor-element-ec9de9a\" data-id=\"ec9de9a\" data-element_type=\"column\" data-e-type=\"column\">\n\t\t\t<div class=\"elementor-widget-wrap elementor-element-populated\">\n\t\t\t\t\t\t<div class=\"elementor-element elementor-element-895cab6 elementor-widget elementor-widget-image\" data-id=\"895cab6\" data-element_type=\"widget\" data-e-type=\"widget\" data-widget_type=\"image.default\">\n\t\t\t\t<div class=\"elementor-widget-container\">\n\t\t\t\t\t\t\t\t\t\t\t\t\t\t\t<img fetchpriority=\"high\" decoding=\"async\" width=\"604\" height=\"805\" src=\"https:\/\/www.chironetfils.fr\/wp-content\/uploads\/2024\/10\/crozeet-salade-avocat-2-768x1024.jpg\" class=\"attachment-large size-large wp-image-1087\" alt=\"\" srcset=\"https:\/\/www.chironetfils.fr\/wp-content\/uploads\/2024\/10\/crozeet-salade-avocat-2-768x1024.jpg 768w, https:\/\/www.chironetfils.fr\/wp-content\/uploads\/2024\/10\/crozeet-salade-avocat-2-225x300.jpg 225w, https:\/\/www.chironetfils.fr\/wp-content\/uploads\/2024\/10\/crozeet-salade-avocat-2-1152x1536.jpg 1152w, https:\/\/www.chironetfils.fr\/wp-content\/uploads\/2024\/10\/crozeet-salade-avocat-2-600x800.jpg 600w, https:\/\/www.chironetfils.fr\/wp-content\/uploads\/2024\/10\/crozeet-salade-avocat-2.jpg 1536w\" sizes=\"(max-width: 604px) 100vw, 604px\" \/>\t\t\t\t\t\t\t\t\t\t\t\t\t\t\t<\/div>\n\t\t\t\t<\/div>\n\t\t\t\t\t<\/div>\n\t\t<\/div>\n\t\t\t\t\t<\/div>\n\t\t<\/section>\n\t\t\t\t<section class=\"elementor-section elementor-top-section elementor-element elementor-element-1489406 elementor-section-boxed elementor-section-height-default elementor-section-height-default\" data-id=\"1489406\" data-element_type=\"section\" data-e-type=\"section\">\n\t\t\t\t\t\t<div class=\"elementor-container elementor-column-gap-default\">\n\t\t\t\t\t<div class=\"elementor-column elementor-col-100 elementor-top-column elementor-element elementor-element-5866586\" data-id=\"5866586\" data-element_type=\"column\" data-e-type=\"column\">\n\t\t\t<div class=\"elementor-widget-wrap elementor-element-populated\">\n\t\t\t\t\t\t<div class=\"elementor-element elementor-element-6554078 elementor-widget elementor-widget-text-editor\" data-id=\"6554078\" data-element_type=\"widget\" data-e-type=\"widget\" data-widget_type=\"text-editor.default\">\n\t\t\t\t<div class=\"elementor-widget-container\">\n\t\t\t\t\t\t\t\t\t<p>Recette pour deux personnes<\/p><p>Pour la salade de p\u00e2tes :<\/p><p>\u00a0 \u00a0 \u00a0&#8211; 1\/2 paquet de crozets au safran et \u00e0 l\u2019ail des ours cuit 11 minutes dans un bouillon de l\u00e9gume sal\u00e9 et refroidi sous l\u2019eau glac\u00e9e pour stopper la cuisson.<br \/>\u00a0 \u00a0 \u00a0&#8211; 1 grosse tomate jaune \u00e9p\u00e9pin\u00e9e et \u00e9pluch\u00e9e coup\u00e9e en d\u00e9s de 5 millim\u00e8tres de c\u00f4t\u00e9 de la m\u00eame taille que les crozets.<br \/>\u00a0 \u00a0 \u00a0&#8211; 1 poivron vert coup\u00e9 en d\u00e9s de 5 millim\u00e8tres<br \/>\u00a0 \u00a0 \u00a0&#8211; 1\/8 eme de melon ( une petite tranche) coup\u00e9 en d\u00e9s de 5 millim\u00e8tres de c\u00f4t\u00e9<br \/>\u00a0 \u00a0 \u00a0&#8211; 1\/4 c \u00e0 caf\u00e9 de Sel, poivre<\/p><p>\u00a0 \u00a0 \u00a0&#8211; 2 c \u00e0 soupe d\u2019huile d\u2019olive<br \/>Rassemblez tous les \u00e9l\u00e9ments de la brunoise, l\u2019assaisonnement et r\u00e9frig\u00e9rez.<\/p><p>Pour la r\u00e9alisation du lassi au safran et \u00e0 la cardamome.<\/p><p>Dans un robot rassembler :<br \/>Un yaourt grecque de brebis, 1\/2 avocat, 3 gla\u00e7ons, 4 filaments de safran infus\u00e9 dans 2 cuill\u00e8res \u00e0 soupe d\u2019eau chaude, 1\/2 petite cuill\u00e8re de cardamomes, 1\/2 c \u00e0 caf\u00e9 de sel. Le jus d\u2019un 1\/2 citron vert, Pinc\u00e9e de poivre blanc.<br \/>Mixez a grande vitesse quelques minutes et remettre au frais.<\/p><p>Pour le montage:<br \/>Dans un assiette creuse<br \/>Tassez dans un emporte pi\u00e8ce la salade de crozets.<br \/>D\u00e9posez dessus un demi avocat coup\u00e9 en tranches fines et roul\u00e9es en forme de rose, assaisonnez d\u2019un demi jus de citron vert et sel.<br \/>D\u00e9posez autour le lassi d\u2019avocat \u00e0 la cardamome.<br \/>D\u00e9corez des fleurs de votre jardin, d\u2019une bille de melon, quelques graines torr\u00e9fi\u00e9es de courge, quelques points de m\u00e9lasse de grenade ou \u00e0 d\u00e9faut de cr\u00e8me de balsamique. Terminez par un filet d\u2019une bonne huile d\u2019olive et d\u00e9gustez bien frais.<br \/>R\u00e9galez vous !<\/p>\t\t\t\t\t\t\t\t<\/div>\n\t\t\t\t<\/div>\n\t\t\t\t\t<\/div>\n\t\t<\/div>\n\t\t\t\t\t<\/div>\n\t\t<\/section>\n\t\t\t\t<\/div>\n\t\t","protected":false},"excerpt":{"rendered":"<p>Recette pour deux personnes Pour la salade de p\u00e2tes : \u00a0 \u00a0 \u00a0&#8211; 1\/2 paquet de crozets au safran et \u00e0 l\u2019ail des ours cuit 11 minutes dans un bouillon de l\u00e9gume<\/p>\n<a class=\"moretag noptoppad\" href=\"https:\/\/www.chironetfils.fr\/index.php\/nos-recettes\/salade-de-crozet-avocat\/\">Read More...<\/a>","protected":false},"author":3,"featured_media":0,"parent":440,"menu_order":0,"comment_status":"closed","ping_status":"closed","template":"","meta":{"footnotes":""},"class_list":["post-1086","page","type-page","status-publish","hentry"],"_links":{"self":[{"href":"https:\/\/www.chironetfils.fr\/index.php\/wp-json\/wp\/v2\/pages\/1086","targetHints":{"allow":["GET"]}}],"collection":[{"href":"https:\/\/www.chironetfils.fr\/index.php\/wp-json\/wp\/v2\/pages"}],"about":[{"href":"https:\/\/www.chironetfils.fr\/index.php\/wp-json\/wp\/v2\/types\/page"}],"author":[{"embeddable":true,"href":"https:\/\/www.chironetfils.fr\/index.php\/wp-json\/wp\/v2\/users\/3"}],"replies":[{"embeddable":true,"href":"https:\/\/www.chironetfils.fr\/index.php\/wp-json\/wp\/v2\/comments?post=1086"}],"version-history":[{"count":4,"href":"https:\/\/www.chironetfils.fr\/index.php\/wp-json\/wp\/v2\/pages\/1086\/revisions"}],"predecessor-version":[{"id":1125,"href":"https:\/\/www.chironetfils.fr\/index.php\/wp-json\/wp\/v2\/pages\/1086\/revisions\/1125"}],"up":[{"embeddable":true,"href":"https:\/\/www.chironetfils.fr\/index.php\/wp-json\/wp\/v2\/pages\/440"}],"wp:attachment":[{"href":"https:\/\/www.chironetfils.fr\/index.php\/wp-json\/wp\/v2\/media?parent=1086"}],"curies":[{"name":"wp","href":"https:\/\/api.w.org\/{rel}","templated":true}]}}