{"id":1080,"date":"2024-10-23T11:53:18","date_gmt":"2024-10-23T09:53:18","guid":{"rendered":"https:\/\/www.chironetfils.fr\/?page_id=1080"},"modified":"2025-05-15T15:37:49","modified_gmt":"2025-05-15T13:37:49","slug":"taillerins-safranes-a-la-creme-de-chataignes-girolles-croutons-de-pain-depices","status":"publish","type":"page","link":"https:\/\/www.chironetfils.fr\/index.php\/nos-recettes\/taillerins-safranes-a-la-creme-de-chataignes-girolles-croutons-de-pain-depices\/","title":{"rendered":"Taillerins safran\u00e9s \u00e0 la cr\u00e8me de ch\u00e2taignes, girolles, croutons de pain d\u2019\u00e9pices."},"content":{"rendered":"\t\t<div data-elementor-type=\"wp-page\" data-elementor-id=\"1080\" class=\"elementor elementor-1080\">\n\t\t\t\t\t\t<section class=\"elementor-section elementor-top-section elementor-element elementor-element-26285ac elementor-section-boxed elementor-section-height-default elementor-section-height-default\" data-id=\"26285ac\" data-element_type=\"section\" data-e-type=\"section\">\n\t\t\t\t\t\t<div class=\"elementor-container elementor-column-gap-default\">\n\t\t\t\t\t<div class=\"elementor-column elementor-col-100 elementor-top-column elementor-element elementor-element-2abf2b9\" data-id=\"2abf2b9\" data-element_type=\"column\" data-e-type=\"column\">\n\t\t\t<div class=\"elementor-widget-wrap\">\n\t\t\t\t\t\t\t<\/div>\n\t\t<\/div>\n\t\t\t\t\t<\/div>\n\t\t<\/section>\n\t\t\t\t<section class=\"elementor-section elementor-top-section elementor-element elementor-element-15bfe87 elementor-section-boxed elementor-section-height-default elementor-section-height-default\" data-id=\"15bfe87\" data-element_type=\"section\" data-e-type=\"section\">\n\t\t\t\t\t\t<div class=\"elementor-container elementor-column-gap-default\">\n\t\t\t\t\t<div class=\"elementor-column elementor-col-100 elementor-top-column elementor-element elementor-element-ed0a07f\" data-id=\"ed0a07f\" data-element_type=\"column\" data-e-type=\"column\">\n\t\t\t<div class=\"elementor-widget-wrap elementor-element-populated\">\n\t\t\t\t\t\t<div class=\"elementor-element elementor-element-0c9abd7 elementor-widget elementor-widget-image\" data-id=\"0c9abd7\" data-element_type=\"widget\" data-e-type=\"widget\" data-widget_type=\"image.default\">\n\t\t\t\t<div class=\"elementor-widget-container\">\n\t\t\t\t\t\t\t\t\t\t\t\t\t\t\t<img fetchpriority=\"high\" decoding=\"async\" width=\"604\" height=\"757\" src=\"https:\/\/www.chironetfils.fr\/wp-content\/uploads\/2024\/10\/tail-safran-817x1024.jpg\" class=\"attachment-large size-large wp-image-1082\" alt=\"\" srcset=\"https:\/\/www.chironetfils.fr\/wp-content\/uploads\/2024\/10\/tail-safran-817x1024.jpg 817w, https:\/\/www.chironetfils.fr\/wp-content\/uploads\/2024\/10\/tail-safran-239x300.jpg 239w, https:\/\/www.chironetfils.fr\/wp-content\/uploads\/2024\/10\/tail-safran-768x963.jpg 768w, https:\/\/www.chironetfils.fr\/wp-content\/uploads\/2024\/10\/tail-safran-1225x1536.jpg 1225w, https:\/\/www.chironetfils.fr\/wp-content\/uploads\/2024\/10\/tail-safran-600x752.jpg 600w, https:\/\/www.chironetfils.fr\/wp-content\/uploads\/2024\/10\/tail-safran.jpg 1276w\" sizes=\"(max-width: 604px) 100vw, 604px\" \/>\t\t\t\t\t\t\t\t\t\t\t\t\t\t\t<\/div>\n\t\t\t\t<\/div>\n\t\t\t\t\t<\/div>\n\t\t<\/div>\n\t\t\t\t\t<\/div>\n\t\t<\/section>\n\t\t\t\t<section class=\"elementor-section elementor-top-section elementor-element elementor-element-8998eca elementor-section-boxed elementor-section-height-default elementor-section-height-default\" data-id=\"8998eca\" data-element_type=\"section\" data-e-type=\"section\">\n\t\t\t\t\t\t<div class=\"elementor-container elementor-column-gap-default\">\n\t\t\t\t\t<div class=\"elementor-column elementor-col-100 elementor-top-column elementor-element elementor-element-296d6e3\" data-id=\"296d6e3\" data-element_type=\"column\" data-e-type=\"column\">\n\t\t\t<div class=\"elementor-widget-wrap elementor-element-populated\">\n\t\t\t\t\t\t<div class=\"elementor-element elementor-element-3e106b9 elementor-widget elementor-widget-text-editor\" data-id=\"3e106b9\" data-element_type=\"widget\" data-e-type=\"widget\" data-widget_type=\"text-editor.default\">\n\t\t\t\t<div class=\"elementor-widget-container\">\n\t\t\t\t\t\t\t\t\t<p>Pour 4 personnes,<\/p><p>Temps de pr\u00e9paration 30 Min<\/p><p>Temp de cuisson 5 Min<\/p><p>\u00a0<\/p><p>Ingr\u00e9dients\u00a0:<\/p><ul><li>Un paquet de taillerins safran\u00e9s<\/li><li>300 gr de ch\u00e2taignes cuites \u00e9pluch\u00e9es sans peau, (r\u00e9servez 4 ch\u00e2taignes pour la d\u00e9coration)<\/li><li>50 gr de c\u00e9leris-raves \u00e9pluch\u00e9s et coup\u00e9s en d\u00e9s,<\/li><li>5 gr de c\u00e8pes s\u00e9ch\u00e9s,<\/li><li>300 gr de bouillon,<\/li><li>50 gr de cr\u00e8me fraiche,<\/li><li>Une \u00e9chalote \u00e9pluch\u00e9e et \u00e9minc\u00e9e.<\/li><li>100 gr de girolles<\/li><li>2 tranches de pain d\u2019\u00e9pices taill\u00e9es en petits croutons<\/li><li>4 branches de cerfeuil,<\/li><li>50 gr de beurre demi sel<\/li><li>Noix de muscade<\/li><li>poivre<\/li><\/ul><p>\u00a0<\/p><p>Faire tremper dans un bol d\u2019eau chaude les c\u00e8pes afin de les r\u00e9hydrater.<\/p><p>Faire revenir dans un peu de beurre l\u2019\u00e9chalotte, ajoutez la brunoise de c\u00e9leri et les ch\u00e2taignes, apr\u00e8s 8 minutes de cuisson environ, ajoutez les c\u00e8pes et leurs eaux de trempage. Laissez cuire 15 minute et mixez. Ajoutez de la noix de muscade r\u00e2p\u00e9e selon votre gout. Cr\u00e9mez jusqu\u2019\u00e0 obtenir la consistance souhaitez. R\u00e9servez.<\/p><p>Faire cuire \u00e0 la po\u00eale, dans un peu de beurre, les girolles quelques minutes et r\u00e9servez.<\/p><p>Dans la m\u00eame po\u00eale faire dorer les croutons de pain d\u2019\u00e9pice.<\/p><p>Faire cuire les taillerins safran\u00e9s 5 minutes. Egouttez et m\u00e9langez avec le reste du beurre.<\/p><p>\u00a0<\/p><p>Dressez les assiettes en couvrant le fond d\u2019une assiette de cr\u00e8me de ch\u00e2taignes, faire un nid avec les taillerins et y d\u00e9poser les girolles et les peluches de cerfeuil, entourez d\u2019\u00e9clat de ch\u00e2taignes r\u00e9servez pour la d\u00e9coration et de croutons de pain d\u2019\u00e9pices. Finissez avec un peu de poivre fraichement moulu.<\/p><p>\u00a0<\/p>\t\t\t\t\t\t\t\t<\/div>\n\t\t\t\t<\/div>\n\t\t\t\t\t<\/div>\n\t\t<\/div>\n\t\t\t\t\t<\/div>\n\t\t<\/section>\n\t\t\t\t<\/div>\n\t\t","protected":false},"excerpt":{"rendered":"<p>Pour 4 personnes, Temps de pr\u00e9paration 30 Min Temp de cuisson 5 Min \u00a0 Ingr\u00e9dients\u00a0: Un paquet de taillerins safran\u00e9s 300 gr de ch\u00e2taignes cuites \u00e9pluch\u00e9es sans peau, (r\u00e9servez 4 ch\u00e2taignes pour<\/p>\n<a class=\"moretag noptoppad\" href=\"https:\/\/www.chironetfils.fr\/index.php\/nos-recettes\/taillerins-safranes-a-la-creme-de-chataignes-girolles-croutons-de-pain-depices\/\">Read More...<\/a>","protected":false},"author":3,"featured_media":0,"parent":440,"menu_order":0,"comment_status":"closed","ping_status":"closed","template":"","meta":{"footnotes":""},"class_list":["post-1080","page","type-page","status-publish","hentry"],"_links":{"self":[{"href":"https:\/\/www.chironetfils.fr\/index.php\/wp-json\/wp\/v2\/pages\/1080","targetHints":{"allow":["GET"]}}],"collection":[{"href":"https:\/\/www.chironetfils.fr\/index.php\/wp-json\/wp\/v2\/pages"}],"about":[{"href":"https:\/\/www.chironetfils.fr\/index.php\/wp-json\/wp\/v2\/types\/page"}],"author":[{"embeddable":true,"href":"https:\/\/www.chironetfils.fr\/index.php\/wp-json\/wp\/v2\/users\/3"}],"replies":[{"embeddable":true,"href":"https:\/\/www.chironetfils.fr\/index.php\/wp-json\/wp\/v2\/comments?post=1080"}],"version-history":[{"count":4,"href":"https:\/\/www.chironetfils.fr\/index.php\/wp-json\/wp\/v2\/pages\/1080\/revisions"}],"predecessor-version":[{"id":1085,"href":"https:\/\/www.chironetfils.fr\/index.php\/wp-json\/wp\/v2\/pages\/1080\/revisions\/1085"}],"up":[{"embeddable":true,"href":"https:\/\/www.chironetfils.fr\/index.php\/wp-json\/wp\/v2\/pages\/440"}],"wp:attachment":[{"href":"https:\/\/www.chironetfils.fr\/index.php\/wp-json\/wp\/v2\/media?parent=1080"}],"curies":[{"name":"wp","href":"https:\/\/api.w.org\/{rel}","templated":true}]}}