{"id":1054,"date":"2024-10-23T11:19:26","date_gmt":"2024-10-23T09:19:26","guid":{"rendered":"https:\/\/www.chironetfils.fr\/?page_id=1054"},"modified":"2025-05-15T15:37:29","modified_gmt":"2025-05-15T13:37:29","slug":"salade-de-coeurs-de-savoie-aux-prunes-et-nori-cotelettes-dagneau-laquees","status":"publish","type":"page","link":"https:\/\/www.chironetfils.fr\/index.php\/nos-recettes\/salade-de-coeurs-de-savoie-aux-prunes-et-nori-cotelettes-dagneau-laquees\/","title":{"rendered":"Salade de c\u0153urs de Savoie aux prunes et nori, c\u00f4telettes d&rsquo;agneau laqu\u00e9es"},"content":{"rendered":"\t\t<div data-elementor-type=\"wp-page\" data-elementor-id=\"1054\" class=\"elementor elementor-1054\">\n\t\t\t\t\t\t<section class=\"elementor-section elementor-top-section elementor-element elementor-element-d1d7f50 elementor-section-boxed elementor-section-height-default elementor-section-height-default\" data-id=\"d1d7f50\" data-element_type=\"section\" data-e-type=\"section\">\n\t\t\t\t\t\t<div class=\"elementor-container elementor-column-gap-default\">\n\t\t\t\t\t<div class=\"elementor-column elementor-col-100 elementor-top-column elementor-element elementor-element-ae1c5ce\" data-id=\"ae1c5ce\" data-element_type=\"column\" data-e-type=\"column\">\n\t\t\t<div class=\"elementor-widget-wrap elementor-element-populated\">\n\t\t\t\t\t\t<section class=\"elementor-section elementor-inner-section elementor-element elementor-element-634a748 elementor-section-boxed elementor-section-height-default elementor-section-height-default\" data-id=\"634a748\" data-element_type=\"section\" data-e-type=\"section\">\n\t\t\t\t\t\t<div class=\"elementor-container elementor-column-gap-default\">\n\t\t\t\t\t<div class=\"elementor-column elementor-col-50 elementor-inner-column elementor-element elementor-element-4404ef5\" data-id=\"4404ef5\" data-element_type=\"column\" data-e-type=\"column\">\n\t\t\t<div class=\"elementor-widget-wrap\">\n\t\t\t\t\t\t\t<\/div>\n\t\t<\/div>\n\t\t\t\t<div class=\"elementor-column elementor-col-50 elementor-inner-column elementor-element elementor-element-2ec3d4a\" data-id=\"2ec3d4a\" data-element_type=\"column\" data-e-type=\"column\">\n\t\t\t<div class=\"elementor-widget-wrap\">\n\t\t\t\t\t\t\t<\/div>\n\t\t<\/div>\n\t\t\t\t\t<\/div>\n\t\t<\/section>\n\t\t\t\t\t<\/div>\n\t\t<\/div>\n\t\t\t\t\t<\/div>\n\t\t<\/section>\n\t\t\t\t<section class=\"elementor-section elementor-top-section elementor-element elementor-element-d552095 elementor-section-boxed elementor-section-height-default elementor-section-height-default\" data-id=\"d552095\" data-element_type=\"section\" data-e-type=\"section\">\n\t\t\t\t\t\t<div class=\"elementor-container elementor-column-gap-default\">\n\t\t\t\t\t<div class=\"elementor-column elementor-col-100 elementor-top-column elementor-element elementor-element-89a7239\" data-id=\"89a7239\" data-element_type=\"column\" data-e-type=\"column\">\n\t\t\t<div class=\"elementor-widget-wrap elementor-element-populated\">\n\t\t\t\t\t\t<div class=\"elementor-element elementor-element-b7b16f7 elementor-widget elementor-widget-image\" data-id=\"b7b16f7\" data-element_type=\"widget\" data-e-type=\"widget\" data-widget_type=\"image.default\">\n\t\t\t\t<div class=\"elementor-widget-container\">\n\t\t\t\t\t\t\t\t\t\t\t\t\t\t\t<img fetchpriority=\"high\" decoding=\"async\" width=\"604\" height=\"805\" src=\"https:\/\/www.chironetfils.fr\/wp-content\/uploads\/2024\/10\/rectte-coeur-Catherin-10-24-2-768x1024.jpg\" class=\"attachment-large size-large wp-image-1055\" alt=\"\" srcset=\"https:\/\/www.chironetfils.fr\/wp-content\/uploads\/2024\/10\/rectte-coeur-Catherin-10-24-2-768x1024.jpg 768w, https:\/\/www.chironetfils.fr\/wp-content\/uploads\/2024\/10\/rectte-coeur-Catherin-10-24-2-225x300.jpg 225w, https:\/\/www.chironetfils.fr\/wp-content\/uploads\/2024\/10\/rectte-coeur-Catherin-10-24-2-600x800.jpg 600w, https:\/\/www.chironetfils.fr\/wp-content\/uploads\/2024\/10\/rectte-coeur-Catherin-10-24-2.jpg 960w\" sizes=\"(max-width: 604px) 100vw, 604px\" \/>\t\t\t\t\t\t\t\t\t\t\t\t\t\t\t<\/div>\n\t\t\t\t<\/div>\n\t\t\t\t\t<\/div>\n\t\t<\/div>\n\t\t\t\t\t<\/div>\n\t\t<\/section>\n\t\t\t\t<section class=\"elementor-section elementor-top-section elementor-element elementor-element-ed3b4c0 elementor-section-boxed elementor-section-height-default elementor-section-height-default\" data-id=\"ed3b4c0\" data-element_type=\"section\" data-e-type=\"section\">\n\t\t\t\t\t\t<div class=\"elementor-container elementor-column-gap-default\">\n\t\t\t\t\t<div class=\"elementor-column elementor-col-100 elementor-top-column elementor-element elementor-element-8d08c90\" data-id=\"8d08c90\" data-element_type=\"column\" data-e-type=\"column\">\n\t\t\t<div class=\"elementor-widget-wrap elementor-element-populated\">\n\t\t\t\t\t\t<div class=\"elementor-element elementor-element-8148b93 elementor-widget__width-initial elementor-widget elementor-widget-heading\" data-id=\"8148b93\" data-element_type=\"widget\" data-e-type=\"widget\" data-widget_type=\"heading.default\">\n\t\t\t\t<div class=\"elementor-widget-container\">\n\t\t\t\t\t<h2 class=\"elementor-heading-title elementor-size-default\">Pour 4 pers :<br><br>\n200 gr de pates c\u0153ur de savoie<br>\n8 c\u00f4telettes d\u2019agneau<br>\n\u2022\t200 gr de tomates cocktails coup\u00e9es en dans le sens de la hauteur<br>\n\u2022\t200 gr de prunes coup\u00e9e en 6 dans le sens de la hauteur,<br>\n\u2022\tUne figues bien mure coup\u00e9e en _ tranches dans le sens de la hauteur,<br>\n\u2022\tUn demi bouquet de coriandre<br>\n\u2022\t2 feuille de nori<br><br>\nUne cuill\u00e8re \u00e0 soupe de graines de s\u00e9sames noires\nQuelques graines germ\u00e9es d\u2019alfalfa ou de betterave, \nPour la sauce marinade :<br>\n\u2022\tUne c \u00e0 s de gingembre frais r\u00e2p\u00e9<br>\n\u2022\tUne gousse d\u2019ail r\u00e2p\u00e9e<br>\n\u2022\tUne c \u00e0 soupe de nuoc man<br>\n\u2022\t2 c \u00e0 s de sauce soja sucr\u00e9e<br>\n\u2022\t2 c \u00e0 s de vinaigre noir chinois de riz <br>\n\u2022\tUne c \u00e0 s d\u2019huile de s\u00e9same<br>\n\u2022\tUne c \u00e0 s d\u2019huile de colza<br>\n\u2022\tLe jus d\u2019une demi- orange et son zeste<br><br>\nFaites cuire les p\u00e2tes dans de l\u2019eau sal\u00e9e pendant 5 minutes. Egouttez et refroidir les pates. \nPour r\u00e9aliser la salade r\u00e9unissez dans un saladier, les p\u00e2tes, les tomates, les prunes, la figue, les feuilles de nori coup\u00e9es en lani\u00e8res fines au ciseau et les feuilles de coriandre l\u00e9g\u00e8rement cisel\u00e9es. R\u00e9servez.\nPour la sauce m\u00e9langez au fouet tous les ingr\u00e9dients dans un bol. Partagez la moiti\u00e9 de la sauce dans la salade pour l\u2019assaisonner et utilisez l\u2019autre partie comme une marinade pour les c\u00f4telettes d\u2019agneau. Laissez mariner 30 minutes ou proc\u00e9dez de suite \u00e0 la cuisson si vous n\u2019avez pas le temps.\nL\u2019agneau doit rester ros\u00e9, versez le reste de marinade lorsque la viande est cuite pour laquer quelques minutes les c\u00f4telettes dans la po\u00eale. Servez accompagn\u00e9es de la salade de c\u0153ur de Savoie<br>\n<br><br><\/h2>\t\t\t\t<\/div>\n\t\t\t\t<\/div>\n\t\t\t\t\t<\/div>\n\t\t<\/div>\n\t\t\t\t\t<\/div>\n\t\t<\/section>\n\t\t\t\t<\/div>\n\t\t","protected":false},"excerpt":{"rendered":"<p>Pour 4 pers : 200 gr de pates c\u0153ur de savoie 8 c\u00f4telettes d\u2019agneau \u2022 200 gr de tomates cocktails coup\u00e9es en dans le sens de la hauteur \u2022 200 gr de<\/p>\n<a class=\"moretag noptoppad\" href=\"https:\/\/www.chironetfils.fr\/index.php\/nos-recettes\/salade-de-coeurs-de-savoie-aux-prunes-et-nori-cotelettes-dagneau-laquees\/\">Read More...<\/a>","protected":false},"author":3,"featured_media":0,"parent":440,"menu_order":0,"comment_status":"closed","ping_status":"closed","template":"","meta":{"footnotes":""},"class_list":["post-1054","page","type-page","status-publish","hentry"],"_links":{"self":[{"href":"https:\/\/www.chironetfils.fr\/index.php\/wp-json\/wp\/v2\/pages\/1054","targetHints":{"allow":["GET"]}}],"collection":[{"href":"https:\/\/www.chironetfils.fr\/index.php\/wp-json\/wp\/v2\/pages"}],"about":[{"href":"https:\/\/www.chironetfils.fr\/index.php\/wp-json\/wp\/v2\/types\/page"}],"author":[{"embeddable":true,"href":"https:\/\/www.chironetfils.fr\/index.php\/wp-json\/wp\/v2\/users\/3"}],"replies":[{"embeddable":true,"href":"https:\/\/www.chironetfils.fr\/index.php\/wp-json\/wp\/v2\/comments?post=1054"}],"version-history":[{"count":6,"href":"https:\/\/www.chironetfils.fr\/index.php\/wp-json\/wp\/v2\/pages\/1054\/revisions"}],"predecessor-version":[{"id":1061,"href":"https:\/\/www.chironetfils.fr\/index.php\/wp-json\/wp\/v2\/pages\/1054\/revisions\/1061"}],"up":[{"embeddable":true,"href":"https:\/\/www.chironetfils.fr\/index.php\/wp-json\/wp\/v2\/pages\/440"}],"wp:attachment":[{"href":"https:\/\/www.chironetfils.fr\/index.php\/wp-json\/wp\/v2\/media?parent=1054"}],"curies":[{"name":"wp","href":"https:\/\/api.w.org\/{rel}","templated":true}]}}